{"id":505,"date":"2019-03-20T13:37:53","date_gmt":"2019-03-20T12:37:53","guid":{"rendered":"https:\/\/cbdoel24.eu\/shop\/?post_type=product&#038;p=505"},"modified":"2020-08-03T16:46:30","modified_gmt":"2020-08-03T14:46:30","slug":"vollspektrum-cbd-oel-10ml-5","status":"publish","type":"product","link":"https:\/\/cbdoel24.eu\/shop\/vollspektrum-cbd-oel-10ml-5\/","title":{"rendered":"Vollspektrum CBD \u00d6l 10ml 5%"},"content":{"rendered":"<p><img loading=\"lazy\" decoding=\"async\" class=\"size-full wp-image-507 alignleft\" src=\"https:\/\/cbdoel24.eu\/shop\/wp-content\/uploads\/2019\/03\/Vollspektrum-CBD-\u00d6l-10ml-5.jpg\" alt=\"Vollspektrum CBD \u00d6l 10ml 5%\" width=\"338\" height=\"450\" srcset=\"https:\/\/cbdoel24.eu\/shop\/wp-content\/uploads\/2019\/03\/Vollspektrum-CBD-\u00d6l-10ml-5.jpg 338w, https:\/\/cbdoel24.eu\/shop\/wp-content\/uploads\/2019\/03\/Vollspektrum-CBD-\u00d6l-10ml-5-225x300.jpg 225w, https:\/\/cbdoel24.eu\/shop\/wp-content\/uploads\/2019\/03\/Vollspektrum-CBD-\u00d6l-10ml-5-64x85.jpg 64w\" sizes=\"auto, (max-width: 338px) 100vw, 338px\" \/>Veganes <strong>Vollspektrum CBD \u00d6l 10ml 5%<\/strong>\u00a0in unserem CBD \u00d6l Shop kaufen.<\/p>\n<p>Produktinformationen zu unserem starken &#8221;Vollspektrum CBD \u00d6l 10ml 5%&#8221;<\/p>\n<h2>Vollspektrum CBD \u00d6l 10ml 5% &#8211; sehr mildes Aroma<\/h2>\n<p><strong>Vollspektrum CBD \u00d6l 10ml<\/strong> 5% ist ein mildes&#8221; CBD \u00d6l, welches ein deutlich besseres Aroma hat, als andere CBD \u00d6le.<\/p>\n<p>Die Eigenschaften vom beliebten Vollspektrum CBD \u00d6l 10ml 5%:<\/p>\n<p>Das <strong>Vollspektrum CBD \u00d6l<\/strong> hat eine CBD Konzentration von 5%, was 500mg CBD entspricht. Das\u00a0CBD \u00d6l wird in einer Flasche mit Pipette ausgeliefert und beinhaltet ungef\u00e4hr 300 Tropfen. Ein Tropfen CBD \u00d6l (5%) enth\u00e4lt 1,7mg CBD. Das in diesem Vollspektrum \u00d6l verwendete CBD wird aus\u00a0zertifizierten Hanfpflanzen gewonnen.<\/p>\n<p>Selbstverst\u00e4ndlich ist dieses nat\u00fcrliche Vollspektrum CBD \u00d6l mit 5% CBD zu 100% vegan und enth\u00e4lt an THC nur den von der EU festgelegten Mindestgrenzwert von 0,2%.<\/p>\n<p>Zutaten vom Vollspektrum CBD \u00d6l 10ml 5%: Hanf\u00f6l, CBD (5%), Omega 3 Fetts\u00e4uren, Omega 6 Fetts\u00e4uren, Vitamin E und nat\u00fcrlich vorkommende Terpene der Hanfpflanze.<\/p>\n<p>Das Vollspektrum CBD \u00d6l 10ml 5% ist f\u00fcr diejenigen sehr gut geeignet, die auf eine gr\u00f6\u00dftm\u00f6gliche Wirkung und Reinheit h\u00f6chsten Wert legen und das Aroma des herk\u00f6mmlichen CBD \u00d6ls nicht m\u00f6gen. Das Aroma ist sehr viel besser, als im Vergleich zu anderen normalen CBD \u00d6len!<\/p>\n<p><span style=\"font-family: 'arial black', sans-serif;\">Wer ist der Hersteller des Vollspektrum CBD \u00d6l 10ml 5%?<\/span><\/p>\n<p><strong>Nordic Oil<\/strong>\u00a0ist einer der gro\u00dfen, f\u00fchrenden CBD \u00d6l Hersteller aus Skandinavien, deren Mission es ist, nur sehr hochwertige CBD Produkte f\u00fcr jeden Bedarf zu entwickeln und zu produzieren. Das\u00a0Vollspektrum CBD \u00d6l 10ml 5% von Nordic Oil geh\u00f6rt zu den besten auf dem Markt. Es wird mit den modernsten Methoden extrahiert und produziert, um stets die besten Ergebnisse zu erzielen. Neben\u00a0dem Vollspektrum CBD \u00d6l 10ml 5% sind auch noch andere CBD Konzentrationen von 15% und 20% erh\u00e4ltlich.<\/p>\n<div class=\"shariff shariff-align-center shariff-widget-align-center\" style=\"display:none\" data-services=\"facebook%7Creddit%7Cpinterest\" data-url=\"https%3A%2F%2Fcbdoel24.eu%2Fshop%2Fvollspektrum-cbd-oel-10ml-5%2F\" data-timestamp=\"1596473190\" data-hidezero=\"1\" data-backendurl=\"https:\/\/cbdoel24.eu\/shop\/wp-json\/shariff\/v1\/share_counts?\"><ul class=\"shariff-buttons theme-grey orientation-horizontal buttonsize-medium\"><li class=\"shariff-button facebook shariff-nocustomcolor\" style=\"background-color:#4273c8\"><a href=\"https:\/\/www.facebook.com\/sharer\/sharer.php?u=https%3A%2F%2Fcbdoel24.eu%2Fshop%2Fvollspektrum-cbd-oel-10ml-5%2F\" title=\"Bei Facebook teilen\" aria-label=\"Bei Facebook teilen\" role=\"button\" rel=\"nofollow\" class=\"shariff-link\" style=\"; background-color:#3b5998; color:#fff\" target=\"_blank\"><span class=\"shariff-icon\" style=\"\"><svg width=\"32px\" height=\"20px\" xmlns=\"http:\/\/www.w3.org\/2000\/svg\" viewBox=\"0 0 18 32\"><path fill=\"#3b5998\" d=\"M17.1 0.2v4.7h-2.8q-1.5 0-2.1 0.6t-0.5 1.9v3.4h5.2l-0.7 5.3h-4.5v13.6h-5.5v-13.6h-4.5v-5.3h4.5v-3.9q0-3.3 1.9-5.2t5-1.8q2.6 0 4.1 0.2z\"\/><\/svg><\/span><span class=\"shariff-text\">teilen<\/span>&nbsp;<span data-service=\"facebook\" style=\"color:#3b5998\" class=\"shariff-count shariff-hidezero\"><\/span>&nbsp;<\/a><\/li><li class=\"shariff-button twitter shariff-nocustomcolor\" style=\"background-color:#595959\"><a href=\"https:\/\/twitter.com\/share?url=https%3A%2F%2Fcbdoel24.eu%2Fshop%2Fvollspektrum-cbd-oel-10ml-5%2F&text=Vollspektrum%20CBD%20%C3%96l%2010ml%205%25\" title=\"Bei X teilen\" aria-label=\"Bei X teilen\" role=\"button\" rel=\"noopener nofollow\" class=\"shariff-link\" style=\"; background-color:#000; color:#fff\" target=\"_blank\"><span class=\"shariff-icon\" style=\"\"><svg width=\"32px\" height=\"20px\" xmlns=\"http:\/\/www.w3.org\/2000\/svg\" viewBox=\"0 0 24 24\"><path fill=\"#000\" d=\"M14.258 10.152L23.176 0h-2.113l-7.747 8.813L7.133 0H0l9.352 13.328L0 23.973h2.113l8.176-9.309 6.531 9.309h7.133zm-2.895 3.293l-.949-1.328L2.875 1.56h3.246l6.086 8.523.945 1.328 7.91 11.078h-3.246zm0 0\"\/><\/svg><\/span><span class=\"shariff-text\">teilen<\/span>&nbsp;<\/a><\/li><li class=\"shariff-button xing shariff-nocustomcolor\" style=\"background-color:#29888a\"><a href=\"https:\/\/www.xing.com\/spi\/shares\/new?url=https%3A%2F%2Fcbdoel24.eu%2Fshop%2Fvollspektrum-cbd-oel-10ml-5%2F\" title=\"Bei XING teilen\" aria-label=\"Bei XING teilen\" role=\"button\" rel=\"noopener nofollow\" class=\"shariff-link\" style=\"; background-color:#126567; color:#fff\" target=\"_blank\"><span class=\"shariff-icon\" style=\"\"><svg width=\"32px\" height=\"20px\" xmlns=\"http:\/\/www.w3.org\/2000\/svg\" viewBox=\"0 0 25 32\"><path fill=\"#126567\" d=\"M10.7 11.9q-0.2 0.3-4.6 8.2-0.5 0.8-1.2 0.8h-4.3q-0.4 0-0.5-0.3t0-0.6l4.5-8q0 0 0 0l-2.9-5q-0.2-0.4 0-0.7 0.2-0.3 0.5-0.3h4.3q0.7 0 1.2 0.8zM25.1 0.4q0.2 0.3 0 0.7l-9.4 16.7 6 11q0.2 0.4 0 0.6-0.2 0.3-0.6 0.3h-4.3q-0.7 0-1.2-0.8l-6-11.1q0.3-0.6 9.5-16.8 0.4-0.8 1.2-0.8h4.3q0.4 0 0.5 0.3z\"\/><\/svg><\/span><span class=\"shariff-text\">teilen<\/span>&nbsp;<\/a><\/li><li class=\"shariff-button linkedin shariff-nocustomcolor\" style=\"background-color:#1488bf\"><a href=\"https:\/\/www.linkedin.com\/sharing\/share-offsite\/?url=https%3A%2F%2Fcbdoel24.eu%2Fshop%2Fvollspektrum-cbd-oel-10ml-5%2F\" title=\"Bei LinkedIn teilen\" aria-label=\"Bei LinkedIn teilen\" role=\"button\" rel=\"noopener nofollow\" class=\"shariff-link\" style=\"; background-color:#0077b5; color:#fff\" target=\"_blank\"><span class=\"shariff-icon\" style=\"\"><svg width=\"32px\" height=\"20px\" xmlns=\"http:\/\/www.w3.org\/2000\/svg\" viewBox=\"0 0 27 32\"><path fill=\"#0077b5\" d=\"M6.2 11.2v17.7h-5.9v-17.7h5.9zM6.6 5.7q0 1.3-0.9 2.2t-2.4 0.9h0q-1.5 0-2.4-0.9t-0.9-2.2 0.9-2.2 2.4-0.9 2.4 0.9 0.9 2.2zM27.4 18.7v10.1h-5.9v-9.5q0-1.9-0.7-2.9t-2.3-1.1q-1.1 0-1.9 0.6t-1.2 1.5q-0.2 0.5-0.2 1.4v9.9h-5.9q0-7.1 0-11.6t0-5.3l0-0.9h5.9v2.6h0q0.4-0.6 0.7-1t1-0.9 1.6-0.8 2-0.3q3 0 4.9 2t1.9 6z\"\/><\/svg><\/span><span class=\"shariff-text\">teilen<\/span>&nbsp;<\/a><\/li><li class=\"shariff-button reddit shariff-nocustomcolor\" style=\"background-color:#ff5700\"><a href=\"https:\/\/www.reddit.com\/submit?url=https%3A%2F%2Fcbdoel24.eu%2Fshop%2Fvollspektrum-cbd-oel-10ml-5%2F\" title=\"Bei Reddit teilen\" aria-label=\"Bei Reddit teilen\" role=\"button\" rel=\"noopener nofollow\" class=\"shariff-link\" style=\"; background-color:#ff4500; color:#fff\" target=\"_blank\"><span class=\"shariff-icon\" style=\"\"><svg xmlns=\"http:\/\/www.w3.org\/2000\/svg\" viewBox=\"0 0 512 512\"><path fill=\"#ff4500\" d=\"M440.3 203.5c-15 0-28.2 6.2-37.9 15.9-35.7-24.7-83.8-40.6-137.1-42.3L293 52.3l88.2 19.8c0 21.6 17.6 39.2 39.2 39.2 22 0 39.7-18.1 39.7-39.7s-17.6-39.7-39.7-39.7c-15.4 0-28.7 9.3-35.3 22l-97.4-21.6c-4.9-1.3-9.7 2.2-11 7.1L246.3 177c-52.9 2.2-100.5 18.1-136.3 42.8-9.7-10.1-23.4-16.3-38.4-16.3-55.6 0-73.8 74.6-22.9 100.1-1.8 7.9-2.6 16.3-2.6 24.7 0 83.8 94.4 151.7 210.3 151.7 116.4 0 210.8-67.9 210.8-151.7 0-8.4-.9-17.2-3.1-25.1 49.9-25.6 31.5-99.7-23.8-99.7zM129.4 308.9c0-22 17.6-39.7 39.7-39.7 21.6 0 39.2 17.6 39.2 39.7 0 21.6-17.6 39.2-39.2 39.2-22 .1-39.7-17.6-39.7-39.2zm214.3 93.5c-36.4 36.4-139.1 36.4-175.5 0-4-3.5-4-9.7 0-13.7 3.5-3.5 9.7-3.5 13.2 0 27.8 28.5 120 29 149 0 3.5-3.5 9.7-3.5 13.2 0 4.1 4 4.1 10.2.1 13.7zm-.8-54.2c-21.6 0-39.2-17.6-39.2-39.2 0-22 17.6-39.7 39.2-39.7 22 0 39.7 17.6 39.7 39.7-.1 21.5-17.7 39.2-39.7 39.2z\"\/><\/svg><\/span><span class=\"shariff-text\">teilen<\/span>&nbsp;<span data-service=\"reddit\" style=\"color:#ff4500\" class=\"shariff-count shariff-hidezero\"><\/span>&nbsp;<\/a><\/li><li class=\"shariff-button pinterest shariff-nocustomcolor\" style=\"background-color:#e70f18\"><a href=\"https:\/\/www.pinterest.com\/pin\/create\/link\/?url=https%3A%2F%2Fcbdoel24.eu%2Fshop%2Fvollspektrum-cbd-oel-10ml-5%2F&media=https%3A%2F%2Fcbdoel24.eu%2Fshop%2Fwp-content%2Fuploads%2F2019%2F03%2FVollspektrum-CBD-%C3%96l-10ml-5.jpg&description=Vollspektrum%20CBD%20%C3%96l%2010ml%205%25\" title=\"Bei Pinterest pinnen\" aria-label=\"Bei Pinterest pinnen\" role=\"button\" rel=\"noopener nofollow\" class=\"shariff-link\" style=\"; background-color:#cb2027; color:#fff\" target=\"_blank\"><span class=\"shariff-icon\" style=\"\"><svg width=\"32px\" height=\"20px\" xmlns=\"http:\/\/www.w3.org\/2000\/svg\" viewBox=\"0 0 27 32\"><path fill=\"#cb2027\" d=\"M27.4 16q0 3.7-1.8 6.9t-5 5-6.9 1.9q-2 0-3.9-0.6 1.1-1.7 1.4-2.9 0.2-0.6 1-3.8 0.4 0.7 1.3 1.2t2 0.5q2.1 0 3.8-1.2t2.7-3.4 0.9-4.8q0-2-1.1-3.8t-3.1-2.9-4.5-1.2q-1.9 0-3.5 0.5t-2.8 1.4-2 2-1.2 2.3-0.4 2.4q0 1.9 0.7 3.3t2.1 2q0.5 0.2 0.7-0.4 0-0.1 0.1-0.5t0.2-0.5q0.1-0.4-0.2-0.8-0.9-1.1-0.9-2.7 0-2.7 1.9-4.6t4.9-2q2.7 0 4.2 1.5t1.5 3.8q0 3-1.2 5.2t-3.1 2.1q-1.1 0-1.7-0.8t-0.4-1.9q0.1-0.6 0.5-1.7t0.5-1.8 0.2-1.4q0-0.9-0.5-1.5t-1.4-0.6q-1.1 0-1.9 1t-0.8 2.6q0 1.3 0.4 2.2l-1.8 7.5q-0.3 1.2-0.2 3.2-3.7-1.6-6-5t-2.3-7.6q0-3.7 1.9-6.9t5-5 6.9-1.9 6.9 1.9 5 5 1.8 6.9z\"\/><\/svg><\/span><span class=\"shariff-text\">merken<\/span>&nbsp;<span data-service=\"pinterest\" style=\"color:#cb2027\" class=\"shariff-count shariff-hidezero\"><\/span>&nbsp;<\/a><\/li><\/ul><\/div>","protected":false},"excerpt":{"rendered":"<p>Vollspektrum CBD \u00d6l 10ml 5% ist ein sehr mildes CBD \u00d6l, welches ein deutlich besseres Aroma hat, als andere CBD \u00d6le.<\/p>\n<ul>\n<li>5% mit 500mg CBD auf 10ml<\/li>\n<li>Omega 3 Fetts\u00e4uren<\/li>\n<li>Omega 6 Fetts\u00e4uren<\/li>\n<li>Vitamin E<\/li>\n<li>Auf Bio Hanf\u00f6l Basis<\/li>\n<li><span style=\"font-family: 'arial black', sans-serif;\">Sehr mildes Aroma<\/span><\/li>\n<li>Nat\u00fcrlicher Vollspektrum Hanf-Extrakt mit CBD-A, CBD, CBN, THC-A, THC, CBC<\/li>\n<li>THC-arm (selbstverst\u00e4ndlich unter der gesetzlichen Mindestgrenze von 0,2%)<\/li>\n<li>100% Vegan<\/li>\n<li>Hanfpflanzen sind GMO-frei und frei von chemischen D\u00fcngemitteln und Wachstumshormonen.<\/li>\n<li>Glutenfrei<\/li>\n<li>keine k\u00fcnstlichen Konservierungsmittel<\/li>\n<li>keine Farbstoffe<\/li>\n<\/ul>\n<p>&nbsp;<\/p>\n<p>&nbsp;<\/p>\n","protected":false},"featured_media":507,"comment_status":"open","ping_status":"closed","template":"","meta":{"site-sidebar-layout":"default","site-content-layout":"","ast-site-content-layout":"default","site-content-style":"default","site-sidebar-style":"default","ast-global-header-display":"","ast-banner-title-visibility":"","ast-main-header-display":"","ast-hfb-above-header-display":"","ast-hfb-below-header-display":"","ast-hfb-mobile-header-display":"","site-post-title":"","ast-breadcrumbs-content":"","ast-featured-img":"","footer-sml-layout":"","ast-disable-related-posts":"","theme-transparent-header-meta":"","adv-header-id-meta":"","stick-header-meta":"","header-above-stick-meta":"","header-main-stick-meta":"","header-below-stick-meta":"","astra-migrate-meta-layouts":"default","ast-page-background-enabled":"default","ast-page-background-meta":{"desktop":{"background-color":"var(--ast-global-color-4)","background-image":"","background-repeat":"repeat","background-position":"center center","background-size":"auto","background-attachment":"scroll","background-type":"","background-media":"","overlay-type":"","overlay-color":"","overlay-opacity":"","overlay-gradient":""},"tablet":{"background-color":"","background-image":"","background-repeat":"repeat","background-position":"center center","background-size":"auto","background-attachment":"scroll","background-type":"","background-media":"","overlay-type":"","overlay-color":"","overlay-opacity":"","overlay-gradient":""},"mobile":{"background-color":"","background-image":"","background-repeat":"repeat","background-position":"center center","background-size":"auto","background-attachment":"scroll","background-type":"","background-media":"","overlay-type":"","overlay-color":"","overlay-opacity":"","overlay-gradient":""}},"ast-content-background-meta":{"desktop":{"background-color":"var(--ast-global-color-5)","background-image":"","background-repeat":"repeat","background-position":"center center","background-size":"auto","background-attachment":"scroll","background-type":"","background-media":"","overlay-type":"","overlay-color":"","overlay-opacity":"","overlay-gradient":""},"tablet":{"background-color":"var(--ast-global-color-5)","background-image":"","background-repeat":"repeat","background-position":"center center","background-size":"auto","background-attachment":"scroll","background-type":"","background-media":"","overlay-type":"","overlay-color":"","overlay-opacity":"","overlay-gradient":""},"mobile":{"background-color":"var(--ast-global-color-5)","background-image":"","background-repeat":"repeat","background-position":"center center","background-size":"auto","background-attachment":"scroll","background-type":"","background-media":"","overlay-type":"","overlay-color":"","overlay-opacity":"","overlay-gradient":""}}},"product_brand":[],"product_cat":[170],"product_tag":[33,58,59,176,197,196,200],"class_list":{"0":"post-505","1":"product","2":"type-product","3":"status-publish","4":"has-post-thumbnail","6":"product_cat-nordic-oil-produkte","7":"product_tag-cbd-oel","8":"product_tag-cbd-oel-10ml","9":"product_tag-cbd-oel-5","10":"product_tag-nordic-oil","11":"product_tag-vollspektrum-cbd-oel","12":"product_tag-vollspektrum-cbd-oel-10ml","13":"product_tag-vollspektrum-cbd-oel-10ml-5","14":"desktop-align-left","15":"tablet-align-left","16":"mobile-align-left","17":"ast-product-gallery-layout-horizontal-slider","18":"ast-product-gallery-with-no-image","19":"ast-product-tabs-layout-horizontal","21":"first","22":"outofstock","23":"taxable","24":"shipping-taxable","25":"purchasable","26":"product-type-simple"},"yoast_head":"<!-- This site is optimized with the Yoast SEO plugin v27.0 - https:\/\/yoast.com\/product\/yoast-seo-wordpress\/ -->\n<title>Vollspektrum CBD \u00d6l 10ml 5% von Nordic Oil<\/title>\n<meta name=\"description\" content=\"Vollspektrum CBD \u00d6l 10ml 5% ist ein mildes, sehr hochwertiges CBD \u00d6l mit einem deutlich bessern Aroma, als andere CBD \u00d6le.\" \/>\n<meta name=\"robots\" content=\"index, follow, max-snippet:-1, max-image-preview:large, max-video-preview:-1\" \/>\n<link rel=\"canonical\" href=\"https:\/\/cbdoel24.eu\/shop\/vollspektrum-cbd-oel-10ml-5\/\" \/>\n<meta property=\"og:locale\" content=\"de_DE\" \/>\n<meta property=\"og:type\" content=\"article\" \/>\n<meta property=\"og:title\" content=\"Vollspektrum CBD \u00d6l 10ml 5% von Nordic Oil\" \/>\n<meta property=\"og:description\" content=\"Vollspektrum CBD \u00d6l 10ml 5% ist ein mildes, sehr hochwertiges CBD \u00d6l mit einem deutlich bessern Aroma, als andere CBD \u00d6le.\" \/>\n<meta property=\"og:url\" content=\"https:\/\/cbdoel24.eu\/shop\/vollspektrum-cbd-oel-10ml-5\/\" \/>\n<meta property=\"og:site_name\" content=\"CBD \u00d6l Shop\" \/>\n<meta property=\"article:modified_time\" content=\"2020-08-03T14:46:30+00:00\" \/>\n<meta property=\"og:image\" content=\"https:\/\/cbdoel24.eu\/shop\/wp-content\/uploads\/2019\/03\/Vollspektrum-CBD-\u00d6l-10ml-5.jpg\" \/>\n<meta name=\"twitter:card\" content=\"summary_large_image\" \/>\n<meta name=\"twitter:title\" content=\"Vollspektrum CBD \u00d6l 10ml 5% von Nordic Oil\" \/>\n<meta name=\"twitter:description\" content=\"Vollspektrum CBD \u00d6l 10ml 5% ist ein mildes, sehr hochwertiges CBD \u00d6l mit einem deutlich bessern Aroma, als andere CBD \u00d6le.\" \/>\n<meta name=\"twitter:image\" content=\"https:\/\/cbdoel24.eu\/shop\/wp-content\/uploads\/2019\/03\/Vollspektrum-CBD-\u00d6l-10ml-5.jpg\" \/>\n<meta name=\"twitter:label1\" content=\"Gesch\u00e4tzte Lesezeit\" \/>\n\t<meta name=\"twitter:data1\" content=\"1\u00a0Minute\" \/>\n<script type=\"application\/ld+json\" class=\"yoast-schema-graph\">{\"@context\":\"https:\/\/schema.org\",\"@graph\":[{\"@type\":\"WebPage\",\"@id\":\"https:\/\/cbdoel24.eu\/shop\/vollspektrum-cbd-oel-10ml-5\/\",\"url\":\"https:\/\/cbdoel24.eu\/shop\/vollspektrum-cbd-oel-10ml-5\/\",\"name\":\"Vollspektrum CBD \u00d6l 10ml 5% von Nordic Oil\",\"isPartOf\":{\"@id\":\"https:\/\/cbdoel24.eu\/shop\/#website\"},\"primaryImageOfPage\":{\"@id\":\"https:\/\/cbdoel24.eu\/shop\/vollspektrum-cbd-oel-10ml-5\/#primaryimage\"},\"image\":{\"@id\":\"https:\/\/cbdoel24.eu\/shop\/vollspektrum-cbd-oel-10ml-5\/#primaryimage\"},\"thumbnailUrl\":\"https:\/\/cbdoel24.eu\/shop\/wp-content\/uploads\/2019\/03\/Vollspektrum-CBD-\u00d6l-10ml-5.jpg\",\"datePublished\":\"2019-03-20T12:37:53+00:00\",\"dateModified\":\"2020-08-03T14:46:30+00:00\",\"description\":\"Vollspektrum CBD \u00d6l 10ml 5% ist ein mildes, sehr hochwertiges CBD \u00d6l mit einem deutlich bessern Aroma, als andere CBD \u00d6le.\",\"breadcrumb\":{\"@id\":\"https:\/\/cbdoel24.eu\/shop\/vollspektrum-cbd-oel-10ml-5\/#breadcrumb\"},\"inLanguage\":\"de\",\"potentialAction\":[{\"@type\":\"ReadAction\",\"target\":[\"https:\/\/cbdoel24.eu\/shop\/vollspektrum-cbd-oel-10ml-5\/\"]}]},{\"@type\":\"ImageObject\",\"inLanguage\":\"de\",\"@id\":\"https:\/\/cbdoel24.eu\/shop\/vollspektrum-cbd-oel-10ml-5\/#primaryimage\",\"url\":\"https:\/\/cbdoel24.eu\/shop\/wp-content\/uploads\/2019\/03\/Vollspektrum-CBD-\u00d6l-10ml-5.jpg\",\"contentUrl\":\"https:\/\/cbdoel24.eu\/shop\/wp-content\/uploads\/2019\/03\/Vollspektrum-CBD-\u00d6l-10ml-5.jpg\",\"width\":338,\"height\":450,\"caption\":\"Vollspektrum CBD \u00d6l 10ml 5%\"},{\"@type\":\"BreadcrumbList\",\"@id\":\"https:\/\/cbdoel24.eu\/shop\/vollspektrum-cbd-oel-10ml-5\/#breadcrumb\",\"itemListElement\":[{\"@type\":\"ListItem\",\"position\":1,\"name\":\"Start\",\"item\":\"https:\/\/cbdoel24.eu\/shop\/\"},{\"@type\":\"ListItem\",\"position\":2,\"name\":\"CBD \u00d6l Shop Startseite\",\"item\":\"https:\/\/cbdoel24.eu\/shop\/cbd-oel-shop-startseite\/\"},{\"@type\":\"ListItem\",\"position\":3,\"name\":\"Vollspektrum CBD \u00d6l 10ml 5%\"}]},{\"@type\":\"WebSite\",\"@id\":\"https:\/\/cbdoel24.eu\/shop\/#website\",\"url\":\"https:\/\/cbdoel24.eu\/shop\/\",\"name\":\"CBD \u00d6l Shop\",\"description\":\"CBD \u00d6l kaufen in unserem sicheren Online Shop mit K\u00e4uferschutz!\",\"publisher\":{\"@id\":\"https:\/\/cbdoel24.eu\/shop\/#organization\"},\"potentialAction\":[{\"@type\":\"SearchAction\",\"target\":{\"@type\":\"EntryPoint\",\"urlTemplate\":\"https:\/\/cbdoel24.eu\/shop\/?s={search_term_string}\"},\"query-input\":{\"@type\":\"PropertyValueSpecification\",\"valueRequired\":true,\"valueName\":\"search_term_string\"}}],\"inLanguage\":\"de\"},{\"@type\":\"Organization\",\"@id\":\"https:\/\/cbdoel24.eu\/shop\/#organization\",\"name\":\"CBD \u00d6l Shop\",\"url\":\"https:\/\/cbdoel24.eu\/shop\/\",\"logo\":{\"@type\":\"ImageObject\",\"inLanguage\":\"de\",\"@id\":\"https:\/\/cbdoel24.eu\/shop\/#\/schema\/logo\/image\/\",\"url\":\"https:\/\/cbdoel24.eu\/shop\/wp-content\/uploads\/2018\/12\/cbd_oel_logo_600_140.png\",\"contentUrl\":\"https:\/\/cbdoel24.eu\/shop\/wp-content\/uploads\/2018\/12\/cbd_oel_logo_600_140.png\",\"width\":600,\"height\":140,\"caption\":\"CBD \u00d6l Shop\"},\"image\":{\"@id\":\"https:\/\/cbdoel24.eu\/shop\/#\/schema\/logo\/image\/\"}}]}<\/script>\n<!-- \/ Yoast SEO plugin. -->","yoast_head_json":{"title":"Vollspektrum CBD \u00d6l 10ml 5% von Nordic Oil","description":"Vollspektrum CBD \u00d6l 10ml 5% ist ein mildes, sehr hochwertiges CBD \u00d6l mit einem deutlich bessern Aroma, als andere CBD \u00d6le.","robots":{"index":"index","follow":"follow","max-snippet":"max-snippet:-1","max-image-preview":"max-image-preview:large","max-video-preview":"max-video-preview:-1"},"canonical":"https:\/\/cbdoel24.eu\/shop\/vollspektrum-cbd-oel-10ml-5\/","og_locale":"de_DE","og_type":"article","og_title":"Vollspektrum CBD \u00d6l 10ml 5% von Nordic Oil","og_description":"Vollspektrum CBD \u00d6l 10ml 5% ist ein mildes, sehr hochwertiges CBD \u00d6l mit einem deutlich bessern Aroma, als andere CBD \u00d6le.","og_url":"https:\/\/cbdoel24.eu\/shop\/vollspektrum-cbd-oel-10ml-5\/","og_site_name":"CBD \u00d6l Shop","article_modified_time":"2020-08-03T14:46:30+00:00","og_image":[{"url":"https:\/\/cbdoel24.eu\/shop\/wp-content\/uploads\/2019\/03\/Vollspektrum-CBD-\u00d6l-10ml-5.jpg","type":"","width":"","height":""}],"twitter_card":"summary_large_image","twitter_title":"Vollspektrum CBD \u00d6l 10ml 5% von Nordic Oil","twitter_description":"Vollspektrum CBD \u00d6l 10ml 5% ist ein mildes, sehr hochwertiges CBD \u00d6l mit einem deutlich bessern Aroma, als andere CBD \u00d6le.","twitter_image":"https:\/\/cbdoel24.eu\/shop\/wp-content\/uploads\/2019\/03\/Vollspektrum-CBD-\u00d6l-10ml-5.jpg","twitter_misc":{"Gesch\u00e4tzte Lesezeit":"1\u00a0Minute"},"schema":{"@context":"https:\/\/schema.org","@graph":[{"@type":"WebPage","@id":"https:\/\/cbdoel24.eu\/shop\/vollspektrum-cbd-oel-10ml-5\/","url":"https:\/\/cbdoel24.eu\/shop\/vollspektrum-cbd-oel-10ml-5\/","name":"Vollspektrum CBD \u00d6l 10ml 5% von Nordic Oil","isPartOf":{"@id":"https:\/\/cbdoel24.eu\/shop\/#website"},"primaryImageOfPage":{"@id":"https:\/\/cbdoel24.eu\/shop\/vollspektrum-cbd-oel-10ml-5\/#primaryimage"},"image":{"@id":"https:\/\/cbdoel24.eu\/shop\/vollspektrum-cbd-oel-10ml-5\/#primaryimage"},"thumbnailUrl":"https:\/\/cbdoel24.eu\/shop\/wp-content\/uploads\/2019\/03\/Vollspektrum-CBD-\u00d6l-10ml-5.jpg","datePublished":"2019-03-20T12:37:53+00:00","dateModified":"2020-08-03T14:46:30+00:00","description":"Vollspektrum CBD \u00d6l 10ml 5% ist ein mildes, sehr hochwertiges CBD \u00d6l mit einem deutlich bessern Aroma, als andere CBD \u00d6le.","breadcrumb":{"@id":"https:\/\/cbdoel24.eu\/shop\/vollspektrum-cbd-oel-10ml-5\/#breadcrumb"},"inLanguage":"de","potentialAction":[{"@type":"ReadAction","target":["https:\/\/cbdoel24.eu\/shop\/vollspektrum-cbd-oel-10ml-5\/"]}]},{"@type":"ImageObject","inLanguage":"de","@id":"https:\/\/cbdoel24.eu\/shop\/vollspektrum-cbd-oel-10ml-5\/#primaryimage","url":"https:\/\/cbdoel24.eu\/shop\/wp-content\/uploads\/2019\/03\/Vollspektrum-CBD-\u00d6l-10ml-5.jpg","contentUrl":"https:\/\/cbdoel24.eu\/shop\/wp-content\/uploads\/2019\/03\/Vollspektrum-CBD-\u00d6l-10ml-5.jpg","width":338,"height":450,"caption":"Vollspektrum CBD \u00d6l 10ml 5%"},{"@type":"BreadcrumbList","@id":"https:\/\/cbdoel24.eu\/shop\/vollspektrum-cbd-oel-10ml-5\/#breadcrumb","itemListElement":[{"@type":"ListItem","position":1,"name":"Start","item":"https:\/\/cbdoel24.eu\/shop\/"},{"@type":"ListItem","position":2,"name":"CBD \u00d6l Shop Startseite","item":"https:\/\/cbdoel24.eu\/shop\/cbd-oel-shop-startseite\/"},{"@type":"ListItem","position":3,"name":"Vollspektrum CBD \u00d6l 10ml 5%"}]},{"@type":"WebSite","@id":"https:\/\/cbdoel24.eu\/shop\/#website","url":"https:\/\/cbdoel24.eu\/shop\/","name":"CBD \u00d6l Shop","description":"CBD \u00d6l kaufen in unserem sicheren Online Shop mit K\u00e4uferschutz!","publisher":{"@id":"https:\/\/cbdoel24.eu\/shop\/#organization"},"potentialAction":[{"@type":"SearchAction","target":{"@type":"EntryPoint","urlTemplate":"https:\/\/cbdoel24.eu\/shop\/?s={search_term_string}"},"query-input":{"@type":"PropertyValueSpecification","valueRequired":true,"valueName":"search_term_string"}}],"inLanguage":"de"},{"@type":"Organization","@id":"https:\/\/cbdoel24.eu\/shop\/#organization","name":"CBD \u00d6l Shop","url":"https:\/\/cbdoel24.eu\/shop\/","logo":{"@type":"ImageObject","inLanguage":"de","@id":"https:\/\/cbdoel24.eu\/shop\/#\/schema\/logo\/image\/","url":"https:\/\/cbdoel24.eu\/shop\/wp-content\/uploads\/2018\/12\/cbd_oel_logo_600_140.png","contentUrl":"https:\/\/cbdoel24.eu\/shop\/wp-content\/uploads\/2018\/12\/cbd_oel_logo_600_140.png","width":600,"height":140,"caption":"CBD \u00d6l Shop"},"image":{"@id":"https:\/\/cbdoel24.eu\/shop\/#\/schema\/logo\/image\/"}}]}},"_links":{"self":[{"href":"https:\/\/cbdoel24.eu\/shop\/wp-json\/wp\/v2\/product\/505","targetHints":{"allow":["GET"]}}],"collection":[{"href":"https:\/\/cbdoel24.eu\/shop\/wp-json\/wp\/v2\/product"}],"about":[{"href":"https:\/\/cbdoel24.eu\/shop\/wp-json\/wp\/v2\/types\/product"}],"replies":[{"embeddable":true,"href":"https:\/\/cbdoel24.eu\/shop\/wp-json\/wp\/v2\/comments?post=505"}],"wp:featuredmedia":[{"embeddable":true,"href":"https:\/\/cbdoel24.eu\/shop\/wp-json\/wp\/v2\/media\/507"}],"wp:attachment":[{"href":"https:\/\/cbdoel24.eu\/shop\/wp-json\/wp\/v2\/media?parent=505"}],"wp:term":[{"taxonomy":"product_brand","embeddable":true,"href":"https:\/\/cbdoel24.eu\/shop\/wp-json\/wp\/v2\/product_brand?post=505"},{"taxonomy":"product_cat","embeddable":true,"href":"https:\/\/cbdoel24.eu\/shop\/wp-json\/wp\/v2\/product_cat?post=505"},{"taxonomy":"product_tag","embeddable":true,"href":"https:\/\/cbdoel24.eu\/shop\/wp-json\/wp\/v2\/product_tag?post=505"}],"curies":[{"name":"wp","href":"https:\/\/api.w.org\/{rel}","templated":true}]}}