{"id":2429,"date":"2019-12-03T15:02:04","date_gmt":"2019-12-03T14:02:04","guid":{"rendered":"https:\/\/cbdoel24.eu\/shop\/?post_type=product&#038;p=2429"},"modified":"2019-12-03T17:50:30","modified_gmt":"2019-12-03T16:50:30","slug":"geschenkgutschein","status":"publish","type":"product","link":"https:\/\/cbdoel24.eu\/shop\/geschenkgutschein\/","title":{"rendered":"1 Geschenkgutschein f\u00fcr unseren Online- Shop CBDOEL24.EU"},"content":{"rendered":"<p>Ein <strong>Geburtstag<\/strong>, <strong>Weihnachten<\/strong> oder ein anderes <strong>besonderes Ereignis<\/strong> steht vor der T\u00fcr und Du willst immer das Richtige mit einem <strong>Geschenkgutschein<\/strong> schenken?<\/p>\n<p><img loading=\"lazy\" decoding=\"async\" class=\"size-full wp-image-2509 alignleft\" src=\"https:\/\/cbdoel24.eu\/shop\/wp-content\/uploads\/2019\/12\/Geschenkgutschein.jpg\" alt=\"Geschenkgutschein\" width=\"407\" height=\"298\" srcset=\"https:\/\/cbdoel24.eu\/shop\/wp-content\/uploads\/2019\/12\/Geschenkgutschein.jpg 814w, https:\/\/cbdoel24.eu\/shop\/wp-content\/uploads\/2019\/12\/Geschenkgutschein-300x219.jpg 300w, https:\/\/cbdoel24.eu\/shop\/wp-content\/uploads\/2019\/12\/Geschenkgutschein-768x561.jpg 768w, https:\/\/cbdoel24.eu\/shop\/wp-content\/uploads\/2019\/12\/Geschenkgutschein-600x439.jpg 600w, https:\/\/cbdoel24.eu\/shop\/wp-content\/uploads\/2019\/12\/Geschenkgutschein-64x47.jpg 64w\" sizes=\"auto, (max-width: 407px) 100vw, 407px\" \/><\/p>\n<h2 class=\"voucherSubHeadline\">Mit einem Geschenkgutschein immer das Richtige schenken!<\/h2>\n<p class=\"voucherText\">Wer sich bei unserer gro\u00dfen Auswahl bei uns im Shop nicht sofort entscheiden kann, l\u00e4sst einfach den Beschenkten sein Lieblingsprodukt selbst ausw\u00e4hlen. Weicht das gew\u00e4hlte Produkt vom Geschenkgutschein ab, kann der Beschenkte die Differenz einfach zuzahlen bzw. den Restwert f\u00fcr weitere Bestellungen nutzen.<\/p>\n<p>Du brauchst ein Geschenk in letzter Minute? Dann ordere unseren beliebten Geschenkgutschein und mache dem Beschenkten eine gro\u00dfe Freude!<\/p>\n<p>Bei Zahlung via Klarna wird der Gutschein automatisch nach erfolgtem Bezahlvorgang generiert und Dir per E-Mail zugeschickt.<\/p>\n<p>&nbsp;<\/p>\n<hr \/>\n<p>Immer das Richtige schenken mit unserem Geschenkgutschein.<\/p>\n<p>Wer sich nicht entscheiden kann oder sich nicht sicher ist, wor\u00fcber sich der Beschenkte vermutlich am meisten freut, der liegt mit einem <strong>CBDOEL24.EU Geschenkgutschein<\/strong>\u00a0goldrichtig.<\/p>\n<p><span style=\"font-family: 'arial black', sans-serif;\">Wof\u00fcr steht unser Geschenkgutschein?<\/span><\/p>\n<p>W\u00e4hle den Wert f\u00fcr den Geschenkgutschein, den Du verschenken m\u00f6chtest und schon bist Du (fast) fertig. Nach dem Kauf kann der Geschenkgutschein ganz einfach ausgedruckt und verschenkt werden. Der Geschenkgutschein wird dem Beschenkten garantiert gro\u00dfe Freude bereiten.<\/p>\n<p>Der Geschenkgutschein-Empf\u00e4nger kann sich ganz einfach aus allen Produkten bei uns im Shop sein Lieblingsprodukt aussuchen, an der Kasse einl\u00f6sen und gegebenenfalls die Differenz zuzahlen oder den Restwert f\u00fcr weitere Bestellungen bei CBDOEL24.EU nutzen. So erm\u00f6glichst Du dem Beschenkten, das er sich genau das aussucht, was er wirklich gern mag und nicht etwas, was dann vielleicht niemals benutzt wird und nur in der Ecke liegt.<\/p>\n<p>Der Geschenkgutschein ist ein sehr beliebtes Geschenk mit dem Du immer das richtige Geschenk verschenkst. Durch die Vielfalt unserer Auswahl passt Dein Geschenk zu jedem, dem Du eine Freude bereiten m\u00f6chtest: zum Beispiel dem Partner, der besten Freundin, den Enkeln oder dem Arbeitskollegen.<\/p>\n<p><span style=\"font-family: 'arial black', sans-serif;\">Besondere Auswahlfreiheit mit dem Geschenkgutschein<\/span><\/p>\n<p>Mit einem cbdoel24.eu Geschenkgutschein kann zwischen vielen Produkten aus dem gesamten Sortiment gew\u00e4hlt werden. Der Beschenkte kann sich von den vielen Produkten inspirieren lassen und den Gutschein f\u00fcr sein Wunsch-Produkt einl\u00f6sen. Zu allen Produkten erh\u00e4lt der Beschenkte ausf\u00fchrliche Informationen in unserem Online-Shop.<\/p>\n<p><span style=\"font-family: 'arial black', sans-serif;\">Die perfekte Last Minute Geschenkidee<\/span><\/p>\n<p>Manchmal muss es eben noch schnell gehen! Ganz spontan mal Danke sagen oder im Alltagsstress noch ein passendes Geschenk f\u00fcr den Geburtstag Deines Partners finden? F\u00fcr eine gelungene \u00dcberraschung ohne lange Planungszeit eignet sich ein cbdoel24.eu Geschenkgutschein perfekt. Du kannst den Geschenkgutschein bereits wenige Sekunden nach dem Kauf ausdrucken und \u00fcberreichen. In Windeseile hast Du ein Geschenk, mit dem Du genau ins Schwarze triffst!<\/p>\n<p><span style=\"font-family: 'arial black', sans-serif;\">Wie lange ist der Geschenkgutschein g\u00fcltig?<\/span><\/p>\n<p>Mit dem Einl\u00f6sen des Gutscheins kann sich der Beschenkte viel Zeit lassen: 365 Tage ab dem Kaufdatum ist der Geschenkgutschein g\u00fcltig.<\/p>\n<p><span style=\"font-size: 8px; color: #999999;\">Design Geschenkgutschein: Brad Pict \/ Adobe Stock Fotos<\/span><\/p>\n<div class=\"shariff shariff-align-center shariff-widget-align-center\" style=\"display:none\" data-services=\"facebook%7Creddit%7Cpinterest\" data-url=\"https%3A%2F%2Fcbdoel24.eu%2Fshop%2Fgeschenkgutschein%2F\" data-timestamp=\"1575395430\" data-hidezero=\"1\" data-backendurl=\"https:\/\/cbdoel24.eu\/shop\/wp-json\/shariff\/v1\/share_counts?\"><ul class=\"shariff-buttons theme-grey orientation-horizontal buttonsize-medium\"><li class=\"shariff-button facebook shariff-nocustomcolor\" style=\"background-color:#4273c8\"><a href=\"https:\/\/www.facebook.com\/sharer\/sharer.php?u=https%3A%2F%2Fcbdoel24.eu%2Fshop%2Fgeschenkgutschein%2F\" title=\"Bei Facebook teilen\" aria-label=\"Bei Facebook teilen\" role=\"button\" rel=\"nofollow\" class=\"shariff-link\" style=\"; background-color:#3b5998; color:#fff\" target=\"_blank\"><span class=\"shariff-icon\" style=\"\"><svg width=\"32px\" height=\"20px\" xmlns=\"http:\/\/www.w3.org\/2000\/svg\" viewBox=\"0 0 18 32\"><path fill=\"#3b5998\" d=\"M17.1 0.2v4.7h-2.8q-1.5 0-2.1 0.6t-0.5 1.9v3.4h5.2l-0.7 5.3h-4.5v13.6h-5.5v-13.6h-4.5v-5.3h4.5v-3.9q0-3.3 1.9-5.2t5-1.8q2.6 0 4.1 0.2z\"\/><\/svg><\/span><span class=\"shariff-text\">teilen<\/span>&nbsp;<span data-service=\"facebook\" style=\"color:#3b5998\" class=\"shariff-count shariff-hidezero\"><\/span>&nbsp;<\/a><\/li><li class=\"shariff-button twitter shariff-nocustomcolor\" style=\"background-color:#595959\"><a href=\"https:\/\/twitter.com\/share?url=https%3A%2F%2Fcbdoel24.eu%2Fshop%2Fgeschenkgutschein%2F&text=1%20Geschenkgutschein%20f%C3%BCr%20unseren%20Online-%20Shop%20CBDOEL24.EU\" title=\"Bei X teilen\" aria-label=\"Bei X teilen\" role=\"button\" rel=\"noopener nofollow\" class=\"shariff-link\" style=\"; background-color:#000; color:#fff\" target=\"_blank\"><span class=\"shariff-icon\" style=\"\"><svg width=\"32px\" height=\"20px\" xmlns=\"http:\/\/www.w3.org\/2000\/svg\" viewBox=\"0 0 24 24\"><path fill=\"#000\" d=\"M14.258 10.152L23.176 0h-2.113l-7.747 8.813L7.133 0H0l9.352 13.328L0 23.973h2.113l8.176-9.309 6.531 9.309h7.133zm-2.895 3.293l-.949-1.328L2.875 1.56h3.246l6.086 8.523.945 1.328 7.91 11.078h-3.246zm0 0\"\/><\/svg><\/span><span class=\"shariff-text\">teilen<\/span>&nbsp;<\/a><\/li><li class=\"shariff-button xing shariff-nocustomcolor\" style=\"background-color:#29888a\"><a href=\"https:\/\/www.xing.com\/spi\/shares\/new?url=https%3A%2F%2Fcbdoel24.eu%2Fshop%2Fgeschenkgutschein%2F\" title=\"Bei XING teilen\" aria-label=\"Bei XING teilen\" role=\"button\" rel=\"noopener nofollow\" class=\"shariff-link\" style=\"; background-color:#126567; color:#fff\" target=\"_blank\"><span class=\"shariff-icon\" style=\"\"><svg width=\"32px\" height=\"20px\" xmlns=\"http:\/\/www.w3.org\/2000\/svg\" viewBox=\"0 0 25 32\"><path fill=\"#126567\" d=\"M10.7 11.9q-0.2 0.3-4.6 8.2-0.5 0.8-1.2 0.8h-4.3q-0.4 0-0.5-0.3t0-0.6l4.5-8q0 0 0 0l-2.9-5q-0.2-0.4 0-0.7 0.2-0.3 0.5-0.3h4.3q0.7 0 1.2 0.8zM25.1 0.4q0.2 0.3 0 0.7l-9.4 16.7 6 11q0.2 0.4 0 0.6-0.2 0.3-0.6 0.3h-4.3q-0.7 0-1.2-0.8l-6-11.1q0.3-0.6 9.5-16.8 0.4-0.8 1.2-0.8h4.3q0.4 0 0.5 0.3z\"\/><\/svg><\/span><span class=\"shariff-text\">teilen<\/span>&nbsp;<\/a><\/li><li class=\"shariff-button linkedin shariff-nocustomcolor\" style=\"background-color:#1488bf\"><a href=\"https:\/\/www.linkedin.com\/sharing\/share-offsite\/?url=https%3A%2F%2Fcbdoel24.eu%2Fshop%2Fgeschenkgutschein%2F\" title=\"Bei LinkedIn teilen\" aria-label=\"Bei LinkedIn teilen\" role=\"button\" rel=\"noopener nofollow\" class=\"shariff-link\" style=\"; background-color:#0077b5; color:#fff\" target=\"_blank\"><span class=\"shariff-icon\" style=\"\"><svg width=\"32px\" height=\"20px\" xmlns=\"http:\/\/www.w3.org\/2000\/svg\" viewBox=\"0 0 27 32\"><path fill=\"#0077b5\" d=\"M6.2 11.2v17.7h-5.9v-17.7h5.9zM6.6 5.7q0 1.3-0.9 2.2t-2.4 0.9h0q-1.5 0-2.4-0.9t-0.9-2.2 0.9-2.2 2.4-0.9 2.4 0.9 0.9 2.2zM27.4 18.7v10.1h-5.9v-9.5q0-1.9-0.7-2.9t-2.3-1.1q-1.1 0-1.9 0.6t-1.2 1.5q-0.2 0.5-0.2 1.4v9.9h-5.9q0-7.1 0-11.6t0-5.3l0-0.9h5.9v2.6h0q0.4-0.6 0.7-1t1-0.9 1.6-0.8 2-0.3q3 0 4.9 2t1.9 6z\"\/><\/svg><\/span><span class=\"shariff-text\">teilen<\/span>&nbsp;<\/a><\/li><li class=\"shariff-button reddit shariff-nocustomcolor\" style=\"background-color:#ff5700\"><a href=\"https:\/\/www.reddit.com\/submit?url=https%3A%2F%2Fcbdoel24.eu%2Fshop%2Fgeschenkgutschein%2F\" title=\"Bei Reddit teilen\" aria-label=\"Bei Reddit teilen\" role=\"button\" rel=\"noopener nofollow\" class=\"shariff-link\" style=\"; background-color:#ff4500; color:#fff\" target=\"_blank\"><span class=\"shariff-icon\" style=\"\"><svg xmlns=\"http:\/\/www.w3.org\/2000\/svg\" viewBox=\"0 0 512 512\"><path fill=\"#ff4500\" d=\"M440.3 203.5c-15 0-28.2 6.2-37.9 15.9-35.7-24.7-83.8-40.6-137.1-42.3L293 52.3l88.2 19.8c0 21.6 17.6 39.2 39.2 39.2 22 0 39.7-18.1 39.7-39.7s-17.6-39.7-39.7-39.7c-15.4 0-28.7 9.3-35.3 22l-97.4-21.6c-4.9-1.3-9.7 2.2-11 7.1L246.3 177c-52.9 2.2-100.5 18.1-136.3 42.8-9.7-10.1-23.4-16.3-38.4-16.3-55.6 0-73.8 74.6-22.9 100.1-1.8 7.9-2.6 16.3-2.6 24.7 0 83.8 94.4 151.7 210.3 151.7 116.4 0 210.8-67.9 210.8-151.7 0-8.4-.9-17.2-3.1-25.1 49.9-25.6 31.5-99.7-23.8-99.7zM129.4 308.9c0-22 17.6-39.7 39.7-39.7 21.6 0 39.2 17.6 39.2 39.7 0 21.6-17.6 39.2-39.2 39.2-22 .1-39.7-17.6-39.7-39.2zm214.3 93.5c-36.4 36.4-139.1 36.4-175.5 0-4-3.5-4-9.7 0-13.7 3.5-3.5 9.7-3.5 13.2 0 27.8 28.5 120 29 149 0 3.5-3.5 9.7-3.5 13.2 0 4.1 4 4.1 10.2.1 13.7zm-.8-54.2c-21.6 0-39.2-17.6-39.2-39.2 0-22 17.6-39.7 39.2-39.7 22 0 39.7 17.6 39.7 39.7-.1 21.5-17.7 39.2-39.7 39.2z\"\/><\/svg><\/span><span class=\"shariff-text\">teilen<\/span>&nbsp;<span data-service=\"reddit\" style=\"color:#ff4500\" class=\"shariff-count shariff-hidezero\"><\/span>&nbsp;<\/a><\/li><li class=\"shariff-button pinterest shariff-nocustomcolor\" style=\"background-color:#e70f18\"><a href=\"https:\/\/www.pinterest.com\/pin\/create\/link\/?url=https%3A%2F%2Fcbdoel24.eu%2Fshop%2Fgeschenkgutschein%2F&media=https%3A%2F%2Fcbdoel24.eu%2Fshop%2Fwp-content%2Fuploads%2F2019%2F12%2FGeschenkgutschein.jpg&description=1%20Geschenkgutschein%20f%C3%BCr%20unseren%20Online-%20Shop%20CBDOEL24.EU\" title=\"Bei Pinterest pinnen\" aria-label=\"Bei Pinterest pinnen\" role=\"button\" rel=\"noopener nofollow\" class=\"shariff-link\" style=\"; background-color:#cb2027; color:#fff\" target=\"_blank\"><span class=\"shariff-icon\" style=\"\"><svg width=\"32px\" height=\"20px\" xmlns=\"http:\/\/www.w3.org\/2000\/svg\" viewBox=\"0 0 27 32\"><path fill=\"#cb2027\" d=\"M27.4 16q0 3.7-1.8 6.9t-5 5-6.9 1.9q-2 0-3.9-0.6 1.1-1.7 1.4-2.9 0.2-0.6 1-3.8 0.4 0.7 1.3 1.2t2 0.5q2.1 0 3.8-1.2t2.7-3.4 0.9-4.8q0-2-1.1-3.8t-3.1-2.9-4.5-1.2q-1.9 0-3.5 0.5t-2.8 1.4-2 2-1.2 2.3-0.4 2.4q0 1.9 0.7 3.3t2.1 2q0.5 0.2 0.7-0.4 0-0.1 0.1-0.5t0.2-0.5q0.1-0.4-0.2-0.8-0.9-1.1-0.9-2.7 0-2.7 1.9-4.6t4.9-2q2.7 0 4.2 1.5t1.5 3.8q0 3-1.2 5.2t-3.1 2.1q-1.1 0-1.7-0.8t-0.4-1.9q0.1-0.6 0.5-1.7t0.5-1.8 0.2-1.4q0-0.9-0.5-1.5t-1.4-0.6q-1.1 0-1.9 1t-0.8 2.6q0 1.3 0.4 2.2l-1.8 7.5q-0.3 1.2-0.2 3.2-3.7-1.6-6-5t-2.3-7.6q0-3.7 1.9-6.9t5-5 6.9-1.9 6.9 1.9 5 5 1.8 6.9z\"\/><\/svg><\/span><span class=\"shariff-text\">merken<\/span>&nbsp;<span data-service=\"pinterest\" style=\"color:#cb2027\" class=\"shariff-count shariff-hidezero\"><\/span>&nbsp;<\/a><\/li><\/ul><\/div>","protected":false},"excerpt":{"rendered":"<p class=\"voucherText\"><span style=\"font-family: 'arial black', sans-serif;\">Mit einem Gutschein f\u00fcr unseren Online- Shop CBDOEL24.EU immer das Richtige schenken!<\/span><\/p>\n<p>Mit einem Geschenkgutschein hast Du genau das Richtige Geschenk f\u00fcr jeden.<\/p>\n<p>Es ist 5 vor 12 und Du brauchst ein Geschenk in letzter Minute? Dann bestelle unseren beliebten Geschenkgutschein und mache dem Beschenkten eine gro\u00dfe Freude!<\/p>\n<p>Bei Zahlung \u00fcber Klarna wird der Geschenk-Gutschein automatisch nach erfolgtem Bezahlvorgang generiert und Dir per E-Mail zugeschickt.<\/p>\n","protected":false},"featured_media":2509,"comment_status":"closed","ping_status":"closed","template":"","meta":{"site-sidebar-layout":"default","site-content-layout":"","ast-site-content-layout":"default","site-content-style":"default","site-sidebar-style":"default","ast-global-header-display":"","ast-banner-title-visibility":"","ast-main-header-display":"","ast-hfb-above-header-display":"","ast-hfb-below-header-display":"","ast-hfb-mobile-header-display":"","site-post-title":"","ast-breadcrumbs-content":"","ast-featured-img":"","footer-sml-layout":"","ast-disable-related-posts":"","theme-transparent-header-meta":"","adv-header-id-meta":"","stick-header-meta":"","header-above-stick-meta":"","header-main-stick-meta":"","header-below-stick-meta":"","astra-migrate-meta-layouts":"default","ast-page-background-enabled":"default","ast-page-background-meta":{"desktop":{"background-color":"var(--ast-global-color-4)","background-image":"","background-repeat":"repeat","background-position":"center center","background-size":"auto","background-attachment":"scroll","background-type":"","background-media":"","overlay-type":"","overlay-color":"","overlay-opacity":"","overlay-gradient":""},"tablet":{"background-color":"","background-image":"","background-repeat":"repeat","background-position":"center center","background-size":"auto","background-attachment":"scroll","background-type":"","background-media":"","overlay-type":"","overlay-color":"","overlay-opacity":"","overlay-gradient":""},"mobile":{"background-color":"","background-image":"","background-repeat":"repeat","background-position":"center center","background-size":"auto","background-attachment":"scroll","background-type":"","background-media":"","overlay-type":"","overlay-color":"","overlay-opacity":"","overlay-gradient":""}},"ast-content-background-meta":{"desktop":{"background-color":"var(--ast-global-color-5)","background-image":"","background-repeat":"repeat","background-position":"center center","background-size":"auto","background-attachment":"scroll","background-type":"","background-media":"","overlay-type":"","overlay-color":"","overlay-opacity":"","overlay-gradient":""},"tablet":{"background-color":"var(--ast-global-color-5)","background-image":"","background-repeat":"repeat","background-position":"center center","background-size":"auto","background-attachment":"scroll","background-type":"","background-media":"","overlay-type":"","overlay-color":"","overlay-opacity":"","overlay-gradient":""},"mobile":{"background-color":"var(--ast-global-color-5)","background-image":"","background-repeat":"repeat","background-position":"center center","background-size":"auto","background-attachment":"scroll","background-type":"","background-media":"","overlay-type":"","overlay-color":"","overlay-opacity":"","overlay-gradient":""}}},"product_brand":[],"product_cat":[16,37,463,84],"product_tag":[],"class_list":{"0":"post-2429","1":"product","2":"type-product","3":"status-publish","4":"has-post-thumbnail","6":"product_cat-cbd-oel","7":"product_cat-angebote","8":"product_cat-geschenkgutschein","9":"product_cat-gesundheit-sonstiges","10":"desktop-align-left","11":"tablet-align-left","12":"mobile-align-left","13":"ast-product-gallery-layout-horizontal-slider","14":"ast-product-gallery-with-no-image","15":"ast-product-single-variable","16":"ast-product-tabs-layout-horizontal","18":"first","19":"instock","20":"sold-individually","21":"purchasable","22":"product-type-variable","23":"has-default-attributes"},"yoast_head":"<!-- This site is optimized with the Yoast SEO plugin v27.0 - https:\/\/yoast.com\/product\/yoast-seo-wordpress\/ -->\n<title>Geschenkgutschein f\u00fcr unseren Online- Shop CBDOEL24.EU<\/title>\n<meta name=\"description\" content=\"Ein Geburtstag, Weihnachten oder ein anderes besonderes Ereignis steht vor der T\u00fcr? Mit einem Geschenkgutschein schenkst Du immer das Richtige!\" \/>\n<meta name=\"robots\" content=\"index, follow, max-snippet:-1, max-image-preview:large, max-video-preview:-1\" \/>\n<link rel=\"canonical\" href=\"https:\/\/cbdoel24.eu\/shop\/geschenkgutschein\/\" \/>\n<meta property=\"og:locale\" content=\"de_DE\" \/>\n<meta property=\"og:type\" content=\"article\" \/>\n<meta property=\"og:title\" content=\"Geschenkgutschein f\u00fcr unseren Online- Shop CBDOEL24.EU\" \/>\n<meta property=\"og:description\" content=\"Ein Geburtstag, Weihnachten oder ein anderes besonderes Ereignis steht vor der T\u00fcr? Mit einem Geschenkgutschein schenkst Du immer das Richtige!\" \/>\n<meta property=\"og:url\" content=\"https:\/\/cbdoel24.eu\/shop\/geschenkgutschein\/\" \/>\n<meta property=\"og:site_name\" content=\"CBD \u00d6l Shop\" \/>\n<meta property=\"article:modified_time\" content=\"2019-12-03T16:50:30+00:00\" \/>\n<meta property=\"og:image\" content=\"https:\/\/cbdoel24.eu\/shop\/wp-content\/uploads\/2019\/12\/Geschenkgutschein.jpg\" \/>\n\t<meta property=\"og:image:width\" content=\"814\" \/>\n\t<meta property=\"og:image:height\" content=\"595\" \/>\n\t<meta property=\"og:image:type\" content=\"image\/jpeg\" \/>\n<meta name=\"twitter:card\" content=\"summary_large_image\" \/>\n<meta name=\"twitter:title\" content=\"Geschenkgutschein f\u00fcr unseren Online- Shop CBDOEL24.EU\" \/>\n<meta name=\"twitter:description\" content=\"Ein Geburtstag, Weihnachten oder ein anderes besonderes Ereignis steht vor der T\u00fcr? Mit einem Geschenkgutschein schenkst Du immer das Richtige!\" \/>\n<meta name=\"twitter:label1\" content=\"Gesch\u00e4tzte Lesezeit\" \/>\n\t<meta name=\"twitter:data1\" content=\"2\u00a0Minuten\" \/>\n<script type=\"application\/ld+json\" class=\"yoast-schema-graph\">{\"@context\":\"https:\/\/schema.org\",\"@graph\":[{\"@type\":\"WebPage\",\"@id\":\"https:\/\/cbdoel24.eu\/shop\/geschenkgutschein\/\",\"url\":\"https:\/\/cbdoel24.eu\/shop\/geschenkgutschein\/\",\"name\":\"Geschenkgutschein f\u00fcr unseren Online- Shop CBDOEL24.EU\",\"isPartOf\":{\"@id\":\"https:\/\/cbdoel24.eu\/shop\/#website\"},\"primaryImageOfPage\":{\"@id\":\"https:\/\/cbdoel24.eu\/shop\/geschenkgutschein\/#primaryimage\"},\"image\":{\"@id\":\"https:\/\/cbdoel24.eu\/shop\/geschenkgutschein\/#primaryimage\"},\"thumbnailUrl\":\"https:\/\/cbdoel24.eu\/shop\/wp-content\/uploads\/2019\/12\/Geschenkgutschein.jpg\",\"datePublished\":\"2019-12-03T14:02:04+00:00\",\"dateModified\":\"2019-12-03T16:50:30+00:00\",\"description\":\"Ein Geburtstag, Weihnachten oder ein anderes besonderes Ereignis steht vor der T\u00fcr? Mit einem Geschenkgutschein schenkst Du immer das Richtige!\",\"breadcrumb\":{\"@id\":\"https:\/\/cbdoel24.eu\/shop\/geschenkgutschein\/#breadcrumb\"},\"inLanguage\":\"de\",\"potentialAction\":[{\"@type\":\"ReadAction\",\"target\":[\"https:\/\/cbdoel24.eu\/shop\/geschenkgutschein\/\"]}]},{\"@type\":\"ImageObject\",\"inLanguage\":\"de\",\"@id\":\"https:\/\/cbdoel24.eu\/shop\/geschenkgutschein\/#primaryimage\",\"url\":\"https:\/\/cbdoel24.eu\/shop\/wp-content\/uploads\/2019\/12\/Geschenkgutschein.jpg\",\"contentUrl\":\"https:\/\/cbdoel24.eu\/shop\/wp-content\/uploads\/2019\/12\/Geschenkgutschein.jpg\",\"width\":814,\"height\":595,\"caption\":\"Geschenkgutschein\"},{\"@type\":\"BreadcrumbList\",\"@id\":\"https:\/\/cbdoel24.eu\/shop\/geschenkgutschein\/#breadcrumb\",\"itemListElement\":[{\"@type\":\"ListItem\",\"position\":1,\"name\":\"Start\",\"item\":\"https:\/\/cbdoel24.eu\/shop\/\"},{\"@type\":\"ListItem\",\"position\":2,\"name\":\"CBD \u00d6l Shop Startseite\",\"item\":\"https:\/\/cbdoel24.eu\/shop\/cbd-oel-shop-startseite\/\"},{\"@type\":\"ListItem\",\"position\":3,\"name\":\"1 Geschenkgutschein f\u00fcr unseren Online- Shop CBDOEL24.EU\"}]},{\"@type\":\"WebSite\",\"@id\":\"https:\/\/cbdoel24.eu\/shop\/#website\",\"url\":\"https:\/\/cbdoel24.eu\/shop\/\",\"name\":\"CBD \u00d6l Shop\",\"description\":\"CBD \u00d6l kaufen in unserem sicheren Online Shop mit K\u00e4uferschutz!\",\"publisher\":{\"@id\":\"https:\/\/cbdoel24.eu\/shop\/#organization\"},\"potentialAction\":[{\"@type\":\"SearchAction\",\"target\":{\"@type\":\"EntryPoint\",\"urlTemplate\":\"https:\/\/cbdoel24.eu\/shop\/?s={search_term_string}\"},\"query-input\":{\"@type\":\"PropertyValueSpecification\",\"valueRequired\":true,\"valueName\":\"search_term_string\"}}],\"inLanguage\":\"de\"},{\"@type\":\"Organization\",\"@id\":\"https:\/\/cbdoel24.eu\/shop\/#organization\",\"name\":\"CBD \u00d6l Shop\",\"url\":\"https:\/\/cbdoel24.eu\/shop\/\",\"logo\":{\"@type\":\"ImageObject\",\"inLanguage\":\"de\",\"@id\":\"https:\/\/cbdoel24.eu\/shop\/#\/schema\/logo\/image\/\",\"url\":\"https:\/\/cbdoel24.eu\/shop\/wp-content\/uploads\/2018\/12\/cbd_oel_logo_600_140.png\",\"contentUrl\":\"https:\/\/cbdoel24.eu\/shop\/wp-content\/uploads\/2018\/12\/cbd_oel_logo_600_140.png\",\"width\":600,\"height\":140,\"caption\":\"CBD \u00d6l Shop\"},\"image\":{\"@id\":\"https:\/\/cbdoel24.eu\/shop\/#\/schema\/logo\/image\/\"}}]}<\/script>\n<!-- \/ Yoast SEO plugin. -->","yoast_head_json":{"title":"Geschenkgutschein f\u00fcr unseren Online- Shop CBDOEL24.EU","description":"Ein Geburtstag, Weihnachten oder ein anderes besonderes Ereignis steht vor der T\u00fcr? Mit einem Geschenkgutschein schenkst Du immer das Richtige!","robots":{"index":"index","follow":"follow","max-snippet":"max-snippet:-1","max-image-preview":"max-image-preview:large","max-video-preview":"max-video-preview:-1"},"canonical":"https:\/\/cbdoel24.eu\/shop\/geschenkgutschein\/","og_locale":"de_DE","og_type":"article","og_title":"Geschenkgutschein f\u00fcr unseren Online- Shop CBDOEL24.EU","og_description":"Ein Geburtstag, Weihnachten oder ein anderes besonderes Ereignis steht vor der T\u00fcr? Mit einem Geschenkgutschein schenkst Du immer das Richtige!","og_url":"https:\/\/cbdoel24.eu\/shop\/geschenkgutschein\/","og_site_name":"CBD \u00d6l Shop","article_modified_time":"2019-12-03T16:50:30+00:00","og_image":[{"width":814,"height":595,"url":"https:\/\/cbdoel24.eu\/shop\/wp-content\/uploads\/2019\/12\/Geschenkgutschein.jpg","type":"image\/jpeg"}],"twitter_card":"summary_large_image","twitter_title":"Geschenkgutschein f\u00fcr unseren Online- Shop CBDOEL24.EU","twitter_description":"Ein Geburtstag, Weihnachten oder ein anderes besonderes Ereignis steht vor der T\u00fcr? Mit einem Geschenkgutschein schenkst Du immer das Richtige!","twitter_misc":{"Gesch\u00e4tzte Lesezeit":"2\u00a0Minuten"},"schema":{"@context":"https:\/\/schema.org","@graph":[{"@type":"WebPage","@id":"https:\/\/cbdoel24.eu\/shop\/geschenkgutschein\/","url":"https:\/\/cbdoel24.eu\/shop\/geschenkgutschein\/","name":"Geschenkgutschein f\u00fcr unseren Online- Shop CBDOEL24.EU","isPartOf":{"@id":"https:\/\/cbdoel24.eu\/shop\/#website"},"primaryImageOfPage":{"@id":"https:\/\/cbdoel24.eu\/shop\/geschenkgutschein\/#primaryimage"},"image":{"@id":"https:\/\/cbdoel24.eu\/shop\/geschenkgutschein\/#primaryimage"},"thumbnailUrl":"https:\/\/cbdoel24.eu\/shop\/wp-content\/uploads\/2019\/12\/Geschenkgutschein.jpg","datePublished":"2019-12-03T14:02:04+00:00","dateModified":"2019-12-03T16:50:30+00:00","description":"Ein Geburtstag, Weihnachten oder ein anderes besonderes Ereignis steht vor der T\u00fcr? Mit einem Geschenkgutschein schenkst Du immer das Richtige!","breadcrumb":{"@id":"https:\/\/cbdoel24.eu\/shop\/geschenkgutschein\/#breadcrumb"},"inLanguage":"de","potentialAction":[{"@type":"ReadAction","target":["https:\/\/cbdoel24.eu\/shop\/geschenkgutschein\/"]}]},{"@type":"ImageObject","inLanguage":"de","@id":"https:\/\/cbdoel24.eu\/shop\/geschenkgutschein\/#primaryimage","url":"https:\/\/cbdoel24.eu\/shop\/wp-content\/uploads\/2019\/12\/Geschenkgutschein.jpg","contentUrl":"https:\/\/cbdoel24.eu\/shop\/wp-content\/uploads\/2019\/12\/Geschenkgutschein.jpg","width":814,"height":595,"caption":"Geschenkgutschein"},{"@type":"BreadcrumbList","@id":"https:\/\/cbdoel24.eu\/shop\/geschenkgutschein\/#breadcrumb","itemListElement":[{"@type":"ListItem","position":1,"name":"Start","item":"https:\/\/cbdoel24.eu\/shop\/"},{"@type":"ListItem","position":2,"name":"CBD \u00d6l Shop Startseite","item":"https:\/\/cbdoel24.eu\/shop\/cbd-oel-shop-startseite\/"},{"@type":"ListItem","position":3,"name":"1 Geschenkgutschein f\u00fcr unseren Online- Shop CBDOEL24.EU"}]},{"@type":"WebSite","@id":"https:\/\/cbdoel24.eu\/shop\/#website","url":"https:\/\/cbdoel24.eu\/shop\/","name":"CBD \u00d6l Shop","description":"CBD \u00d6l kaufen in unserem sicheren Online Shop mit K\u00e4uferschutz!","publisher":{"@id":"https:\/\/cbdoel24.eu\/shop\/#organization"},"potentialAction":[{"@type":"SearchAction","target":{"@type":"EntryPoint","urlTemplate":"https:\/\/cbdoel24.eu\/shop\/?s={search_term_string}"},"query-input":{"@type":"PropertyValueSpecification","valueRequired":true,"valueName":"search_term_string"}}],"inLanguage":"de"},{"@type":"Organization","@id":"https:\/\/cbdoel24.eu\/shop\/#organization","name":"CBD \u00d6l Shop","url":"https:\/\/cbdoel24.eu\/shop\/","logo":{"@type":"ImageObject","inLanguage":"de","@id":"https:\/\/cbdoel24.eu\/shop\/#\/schema\/logo\/image\/","url":"https:\/\/cbdoel24.eu\/shop\/wp-content\/uploads\/2018\/12\/cbd_oel_logo_600_140.png","contentUrl":"https:\/\/cbdoel24.eu\/shop\/wp-content\/uploads\/2018\/12\/cbd_oel_logo_600_140.png","width":600,"height":140,"caption":"CBD \u00d6l Shop"},"image":{"@id":"https:\/\/cbdoel24.eu\/shop\/#\/schema\/logo\/image\/"}}]}},"_links":{"self":[{"href":"https:\/\/cbdoel24.eu\/shop\/wp-json\/wp\/v2\/product\/2429","targetHints":{"allow":["GET"]}}],"collection":[{"href":"https:\/\/cbdoel24.eu\/shop\/wp-json\/wp\/v2\/product"}],"about":[{"href":"https:\/\/cbdoel24.eu\/shop\/wp-json\/wp\/v2\/types\/product"}],"replies":[{"embeddable":true,"href":"https:\/\/cbdoel24.eu\/shop\/wp-json\/wp\/v2\/comments?post=2429"}],"wp:featuredmedia":[{"embeddable":true,"href":"https:\/\/cbdoel24.eu\/shop\/wp-json\/wp\/v2\/media\/2509"}],"wp:attachment":[{"href":"https:\/\/cbdoel24.eu\/shop\/wp-json\/wp\/v2\/media?parent=2429"}],"wp:term":[{"taxonomy":"product_brand","embeddable":true,"href":"https:\/\/cbdoel24.eu\/shop\/wp-json\/wp\/v2\/product_brand?post=2429"},{"taxonomy":"product_cat","embeddable":true,"href":"https:\/\/cbdoel24.eu\/shop\/wp-json\/wp\/v2\/product_cat?post=2429"},{"taxonomy":"product_tag","embeddable":true,"href":"https:\/\/cbdoel24.eu\/shop\/wp-json\/wp\/v2\/product_tag?post=2429"}],"curies":[{"name":"wp","href":"https:\/\/api.w.org\/{rel}","templated":true}]}}