{"id":37,"date":"2018-12-20T09:55:05","date_gmt":"2018-12-20T08:55:05","guid":{"rendered":"https:\/\/cbdoel24.eu\/shop\/warenkorb\/"},"modified":"2021-08-31T19:18:26","modified_gmt":"2021-08-31T17:18:26","slug":"warenkorb","status":"publish","type":"page","link":"https:\/\/cbdoel24.eu\/shop\/warenkorb\/","title":{"rendered":"Warenkorb"},"content":{"rendered":"<p><!-- ProvenExpert Rating seals --><\/p>\n<style type=\"text\/css\">body {-ms-overflow-style: scrollbar;} @media(max-width:991px){.ProvenExpert_widget_container {display:none;}}<\/style>\n<p><a class=\"ProvenExpert_widget_container\" style=\"text-decoration: none; z-index: 9999; position: fixed; float: left; line-height: 0; right: 0; top: 100px;\" title=\"Customer reviews &amp; experiences for Holger Korsten. Show more information.\" href=\"https:\/\/www.provenexpert.com\/holger-korsten\/?utm_source=Widget&amp;utm_medium=Widget&amp;utm_campaign=Widget\" target=\"_blank\" rel=\"noopener noreferrer\"><img loading=\"lazy\" decoding=\"async\" style=\"border: 0;\" src=\"https:\/\/images.provenexpert.com\/35\/df\/c8e568dc16b058dd96e515fe7683\/widget_portrait_150_gb_0.png\" alt=\"Ratings &amp; reviews for Holger Korsten\" width=\"150\" height=\"180\" \/><\/a><br \/>\n<!-- ProvenExpert Rating seals --><img loading=\"lazy\" decoding=\"async\" class=\"alignnone size-full wp-image-1689\" src=\"https:\/\/cbdoel24.eu\/shop\/wp-content\/uploads\/2019\/09\/ssl_datensicherheit_5_sterne_1400x60.png\" alt=\"SSL Datensicherheit\" width=\"1400\" height=\"60\" srcset=\"https:\/\/cbdoel24.eu\/shop\/wp-content\/uploads\/2019\/09\/ssl_datensicherheit_5_sterne_1400x60.png 1400w, https:\/\/cbdoel24.eu\/shop\/wp-content\/uploads\/2019\/09\/ssl_datensicherheit_5_sterne_1400x60-300x13.png 300w, https:\/\/cbdoel24.eu\/shop\/wp-content\/uploads\/2019\/09\/ssl_datensicherheit_5_sterne_1400x60-768x33.png 768w, https:\/\/cbdoel24.eu\/shop\/wp-content\/uploads\/2019\/09\/ssl_datensicherheit_5_sterne_1400x60-600x26.png 600w, https:\/\/cbdoel24.eu\/shop\/wp-content\/uploads\/2019\/09\/ssl_datensicherheit_5_sterne_1400x60-64x3.png 64w\" sizes=\"auto, (max-width: 1400px) 100vw, 1400px\" \/><\/p>\n","protected":false},"excerpt":{"rendered":"","protected":false},"author":1,"featured_media":1673,"parent":0,"menu_order":0,"comment_status":"closed","ping_status":"closed","template":"","meta":{"site-sidebar-layout":"default","site-content-layout":"default","ast-site-content-layout":"default","site-content-style":"default","site-sidebar-style":"default","ast-global-header-display":"","ast-banner-title-visibility":"","ast-main-header-display":"","ast-hfb-above-header-display":"","ast-hfb-below-header-display":"","ast-hfb-mobile-header-display":"","site-post-title":"","ast-breadcrumbs-content":"","ast-featured-img":"disabled","footer-sml-layout":"","ast-disable-related-posts":"","theme-transparent-header-meta":"default","adv-header-id-meta":"","stick-header-meta":"default","header-above-stick-meta":"","header-main-stick-meta":"","header-below-stick-meta":"","astra-migrate-meta-layouts":"default","ast-page-background-enabled":"default","ast-page-background-meta":{"desktop":{"background-color":"var(--ast-global-color-4)","background-image":"","background-repeat":"repeat","background-position":"center center","background-size":"auto","background-attachment":"scroll","background-type":"","background-media":"","overlay-type":"","overlay-color":"","overlay-opacity":"","overlay-gradient":""},"tablet":{"background-color":"","background-image":"","background-repeat":"repeat","background-position":"center center","background-size":"auto","background-attachment":"scroll","background-type":"","background-media":"","overlay-type":"","overlay-color":"","overlay-opacity":"","overlay-gradient":""},"mobile":{"background-color":"","background-image":"","background-repeat":"repeat","background-position":"center center","background-size":"auto","background-attachment":"scroll","background-type":"","background-media":"","overlay-type":"","overlay-color":"","overlay-opacity":"","overlay-gradient":""}},"ast-content-background-meta":{"desktop":{"background-color":"var(--ast-global-color-5)","background-image":"","background-repeat":"repeat","background-position":"center center","background-size":"auto","background-attachment":"scroll","background-type":"","background-media":"","overlay-type":"","overlay-color":"","overlay-opacity":"","overlay-gradient":""},"tablet":{"background-color":"var(--ast-global-color-5)","background-image":"","background-repeat":"repeat","background-position":"center center","background-size":"auto","background-attachment":"scroll","background-type":"","background-media":"","overlay-type":"","overlay-color":"","overlay-opacity":"","overlay-gradient":""},"mobile":{"background-color":"var(--ast-global-color-5)","background-image":"","background-repeat":"repeat","background-position":"center center","background-size":"auto","background-attachment":"scroll","background-type":"","background-media":"","overlay-type":"","overlay-color":"","overlay-opacity":"","overlay-gradient":""}},"footnotes":""},"class_list":["post-37","page","type-page","status-publish","has-post-thumbnail","hentry"],"yoast_head":"<!-- This site is optimized with the Yoast SEO plugin v27.0 - https:\/\/yoast.com\/product\/yoast-seo-wordpress\/ -->\n<title>Warenkorb<\/title>\n<meta name=\"robots\" content=\"index, follow, max-snippet:-1, max-image-preview:large, max-video-preview:-1\" \/>\n<link rel=\"canonical\" href=\"https:\/\/cbdoel24.eu\/shop\/warenkorb\/\" \/>\n<meta property=\"og:locale\" content=\"de_DE\" \/>\n<meta property=\"og:type\" content=\"article\" \/>\n<meta property=\"og:title\" content=\"Warenkorb\" \/>\n<meta property=\"og:url\" content=\"https:\/\/cbdoel24.eu\/shop\/warenkorb\/\" \/>\n<meta property=\"og:site_name\" content=\"CBD \u00d6l Shop\" \/>\n<meta property=\"article:modified_time\" content=\"2021-08-31T17:18:26+00:00\" \/>\n<meta property=\"og:image\" content=\"https:\/\/cbdoel24.eu\/shop\/wp-content\/uploads\/2019\/09\/ssl_datensicherheit.jpg\" \/>\n\t<meta property=\"og:image:width\" content=\"450\" \/>\n\t<meta property=\"og:image:height\" content=\"150\" \/>\n\t<meta property=\"og:image:type\" content=\"image\/jpeg\" \/>\n<meta name=\"twitter:card\" content=\"summary_large_image\" \/>\n<script type=\"application\/ld+json\" class=\"yoast-schema-graph\">{\"@context\":\"https:\/\/schema.org\",\"@graph\":[{\"@type\":\"WebPage\",\"@id\":\"https:\/\/cbdoel24.eu\/shop\/warenkorb\/\",\"url\":\"https:\/\/cbdoel24.eu\/shop\/warenkorb\/\",\"name\":\"Warenkorb\",\"isPartOf\":{\"@id\":\"https:\/\/cbdoel24.eu\/shop\/#website\"},\"primaryImageOfPage\":{\"@id\":\"https:\/\/cbdoel24.eu\/shop\/warenkorb\/#primaryimage\"},\"image\":{\"@id\":\"https:\/\/cbdoel24.eu\/shop\/warenkorb\/#primaryimage\"},\"thumbnailUrl\":\"https:\/\/cbdoel24.eu\/shop\/wp-content\/uploads\/2019\/09\/ssl_datensicherheit.jpg\",\"datePublished\":\"2018-12-20T08:55:05+00:00\",\"dateModified\":\"2021-08-31T17:18:26+00:00\",\"breadcrumb\":{\"@id\":\"https:\/\/cbdoel24.eu\/shop\/warenkorb\/#breadcrumb\"},\"inLanguage\":\"de\",\"potentialAction\":[{\"@type\":\"ReadAction\",\"target\":[\"https:\/\/cbdoel24.eu\/shop\/warenkorb\/\"]}]},{\"@type\":\"ImageObject\",\"inLanguage\":\"de\",\"@id\":\"https:\/\/cbdoel24.eu\/shop\/warenkorb\/#primaryimage\",\"url\":\"https:\/\/cbdoel24.eu\/shop\/wp-content\/uploads\/2019\/09\/ssl_datensicherheit.jpg\",\"contentUrl\":\"https:\/\/cbdoel24.eu\/shop\/wp-content\/uploads\/2019\/09\/ssl_datensicherheit.jpg\",\"width\":450,\"height\":150,\"caption\":\"SSL Datensicherheit\"},{\"@type\":\"BreadcrumbList\",\"@id\":\"https:\/\/cbdoel24.eu\/shop\/warenkorb\/#breadcrumb\",\"itemListElement\":[{\"@type\":\"ListItem\",\"position\":1,\"name\":\"Start\",\"item\":\"https:\/\/cbdoel24.eu\/shop\/\"},{\"@type\":\"ListItem\",\"position\":2,\"name\":\"Warenkorb\"}]},{\"@type\":\"WebSite\",\"@id\":\"https:\/\/cbdoel24.eu\/shop\/#website\",\"url\":\"https:\/\/cbdoel24.eu\/shop\/\",\"name\":\"CBD \u00d6l Shop\",\"description\":\"CBD \u00d6l kaufen in unserem sicheren Online Shop mit K\u00e4uferschutz!\",\"publisher\":{\"@id\":\"https:\/\/cbdoel24.eu\/shop\/#organization\"},\"potentialAction\":[{\"@type\":\"SearchAction\",\"target\":{\"@type\":\"EntryPoint\",\"urlTemplate\":\"https:\/\/cbdoel24.eu\/shop\/?s={search_term_string}\"},\"query-input\":{\"@type\":\"PropertyValueSpecification\",\"valueRequired\":true,\"valueName\":\"search_term_string\"}}],\"inLanguage\":\"de\"},{\"@type\":\"Organization\",\"@id\":\"https:\/\/cbdoel24.eu\/shop\/#organization\",\"name\":\"CBD \u00d6l Shop\",\"url\":\"https:\/\/cbdoel24.eu\/shop\/\",\"logo\":{\"@type\":\"ImageObject\",\"inLanguage\":\"de\",\"@id\":\"https:\/\/cbdoel24.eu\/shop\/#\/schema\/logo\/image\/\",\"url\":\"https:\/\/cbdoel24.eu\/shop\/wp-content\/uploads\/2018\/12\/cbd_oel_logo_600_140.png\",\"contentUrl\":\"https:\/\/cbdoel24.eu\/shop\/wp-content\/uploads\/2018\/12\/cbd_oel_logo_600_140.png\",\"width\":600,\"height\":140,\"caption\":\"CBD \u00d6l Shop\"},\"image\":{\"@id\":\"https:\/\/cbdoel24.eu\/shop\/#\/schema\/logo\/image\/\"}}]}<\/script>\n<!-- \/ Yoast SEO plugin. -->","yoast_head_json":{"title":"Warenkorb","robots":{"index":"index","follow":"follow","max-snippet":"max-snippet:-1","max-image-preview":"max-image-preview:large","max-video-preview":"max-video-preview:-1"},"canonical":"https:\/\/cbdoel24.eu\/shop\/warenkorb\/","og_locale":"de_DE","og_type":"article","og_title":"Warenkorb","og_url":"https:\/\/cbdoel24.eu\/shop\/warenkorb\/","og_site_name":"CBD \u00d6l Shop","article_modified_time":"2021-08-31T17:18:26+00:00","og_image":[{"width":450,"height":150,"url":"https:\/\/cbdoel24.eu\/shop\/wp-content\/uploads\/2019\/09\/ssl_datensicherheit.jpg","type":"image\/jpeg"}],"twitter_card":"summary_large_image","schema":{"@context":"https:\/\/schema.org","@graph":[{"@type":"WebPage","@id":"https:\/\/cbdoel24.eu\/shop\/warenkorb\/","url":"https:\/\/cbdoel24.eu\/shop\/warenkorb\/","name":"Warenkorb","isPartOf":{"@id":"https:\/\/cbdoel24.eu\/shop\/#website"},"primaryImageOfPage":{"@id":"https:\/\/cbdoel24.eu\/shop\/warenkorb\/#primaryimage"},"image":{"@id":"https:\/\/cbdoel24.eu\/shop\/warenkorb\/#primaryimage"},"thumbnailUrl":"https:\/\/cbdoel24.eu\/shop\/wp-content\/uploads\/2019\/09\/ssl_datensicherheit.jpg","datePublished":"2018-12-20T08:55:05+00:00","dateModified":"2021-08-31T17:18:26+00:00","breadcrumb":{"@id":"https:\/\/cbdoel24.eu\/shop\/warenkorb\/#breadcrumb"},"inLanguage":"de","potentialAction":[{"@type":"ReadAction","target":["https:\/\/cbdoel24.eu\/shop\/warenkorb\/"]}]},{"@type":"ImageObject","inLanguage":"de","@id":"https:\/\/cbdoel24.eu\/shop\/warenkorb\/#primaryimage","url":"https:\/\/cbdoel24.eu\/shop\/wp-content\/uploads\/2019\/09\/ssl_datensicherheit.jpg","contentUrl":"https:\/\/cbdoel24.eu\/shop\/wp-content\/uploads\/2019\/09\/ssl_datensicherheit.jpg","width":450,"height":150,"caption":"SSL Datensicherheit"},{"@type":"BreadcrumbList","@id":"https:\/\/cbdoel24.eu\/shop\/warenkorb\/#breadcrumb","itemListElement":[{"@type":"ListItem","position":1,"name":"Start","item":"https:\/\/cbdoel24.eu\/shop\/"},{"@type":"ListItem","position":2,"name":"Warenkorb"}]},{"@type":"WebSite","@id":"https:\/\/cbdoel24.eu\/shop\/#website","url":"https:\/\/cbdoel24.eu\/shop\/","name":"CBD \u00d6l Shop","description":"CBD \u00d6l kaufen in unserem sicheren Online Shop mit K\u00e4uferschutz!","publisher":{"@id":"https:\/\/cbdoel24.eu\/shop\/#organization"},"potentialAction":[{"@type":"SearchAction","target":{"@type":"EntryPoint","urlTemplate":"https:\/\/cbdoel24.eu\/shop\/?s={search_term_string}"},"query-input":{"@type":"PropertyValueSpecification","valueRequired":true,"valueName":"search_term_string"}}],"inLanguage":"de"},{"@type":"Organization","@id":"https:\/\/cbdoel24.eu\/shop\/#organization","name":"CBD \u00d6l Shop","url":"https:\/\/cbdoel24.eu\/shop\/","logo":{"@type":"ImageObject","inLanguage":"de","@id":"https:\/\/cbdoel24.eu\/shop\/#\/schema\/logo\/image\/","url":"https:\/\/cbdoel24.eu\/shop\/wp-content\/uploads\/2018\/12\/cbd_oel_logo_600_140.png","contentUrl":"https:\/\/cbdoel24.eu\/shop\/wp-content\/uploads\/2018\/12\/cbd_oel_logo_600_140.png","width":600,"height":140,"caption":"CBD \u00d6l Shop"},"image":{"@id":"https:\/\/cbdoel24.eu\/shop\/#\/schema\/logo\/image\/"}}]}},"_links":{"self":[{"href":"https:\/\/cbdoel24.eu\/shop\/wp-json\/wp\/v2\/pages\/37","targetHints":{"allow":["GET"]}}],"collection":[{"href":"https:\/\/cbdoel24.eu\/shop\/wp-json\/wp\/v2\/pages"}],"about":[{"href":"https:\/\/cbdoel24.eu\/shop\/wp-json\/wp\/v2\/types\/page"}],"author":[{"embeddable":true,"href":"https:\/\/cbdoel24.eu\/shop\/wp-json\/wp\/v2\/users\/1"}],"replies":[{"embeddable":true,"href":"https:\/\/cbdoel24.eu\/shop\/wp-json\/wp\/v2\/comments?post=37"}],"version-history":[{"count":1,"href":"https:\/\/cbdoel24.eu\/shop\/wp-json\/wp\/v2\/pages\/37\/revisions"}],"predecessor-version":[{"id":3746,"href":"https:\/\/cbdoel24.eu\/shop\/wp-json\/wp\/v2\/pages\/37\/revisions\/3746"}],"wp:featuredmedia":[{"embeddable":true,"href":"https:\/\/cbdoel24.eu\/shop\/wp-json\/wp\/v2\/media\/1673"}],"wp:attachment":[{"href":"https:\/\/cbdoel24.eu\/shop\/wp-json\/wp\/v2\/media?parent=37"}],"curies":[{"name":"wp","href":"https:\/\/api.w.org\/{rel}","templated":true}]}}