{"id":25,"date":"2018-12-19T17:34:27","date_gmt":"2018-12-19T16:34:27","guid":{"rendered":"https:\/\/cbdoel24.eu\/shop\/?page_id=25"},"modified":"2022-02-12T11:23:33","modified_gmt":"2022-02-12T10:23:33","slug":"disclaimer","status":"publish","type":"page","link":"https:\/\/cbdoel24.eu\/shop\/disclaimer\/","title":{"rendered":"Disclaimer"},"content":{"rendered":"<p><a href=\"https:\/\/seo-agentur-online-marketing-webdesign.de\/\" target=\"_blank\" rel=\"noopener noreferrer\"><img loading=\"lazy\" decoding=\"async\" class=\"alignright size-full wp-image-1697\" src=\"https:\/\/holgerkorsten.com\/wp-content\/uploads\/2017\/01\/erecht24-siegel-disclaimer-rot.png\" alt=\"erecht24-siegel-disclaimer-rot\" width=\"120\" height=\"156\" \/><\/a><\/p>\n<h2>Haftung f\u00fcr Inhalte<\/h2>\n<p><a href=\"https:\/\/holgerkorsten.com\/ergebnis-und-einkommens-haftungsausschluss\/\" target=\"_blank\" rel=\"noopener noreferrer\"><span style=\"text-decoration: underline;\">Zu unserem Ergebnis- und Einkommens-Haftungsausschluss gelangen Sie hier.<\/span><\/a><\/p>\n<p>Als Diensteanbieter sind wir, <a href=\"https:\/\/seo-agentur-online-marketing-webdesign.de\/\" target=\"_blank\" rel=\"noopener noreferrer\">SEO Agentur Online Marketing Webdesign Holger Korsten<\/a>,\u00a0 gem\u00e4\u00df \u00a7 7 Abs.1 TMG f\u00fcr eigene Inhalte auf diesen Seiten nach den allgemeinen Gesetzen verantwortlich. Nach \u00a7\u00a7 8 bis 10 TMG sind wir als Diensteanbieter jedoch nicht verpflichtet, \u00fcbermittelte oder gespeicherte fremde Informationen zu \u00fcberwachen oder nach Umst\u00e4nden zu forschen, die auf eine rechtswidrige T\u00e4tigkeit hinweisen.<\/p>\n<p><a href=\"https:\/\/10kiloin10wochen.de\/\" target=\"_blank\" rel=\"noopener noreferrer\"><img loading=\"lazy\" decoding=\"async\" class=\"alignnone size-full wp-image-2558\" src=\"https:\/\/10kiloin10wochen.de\/wp-content\/uploads\/2022\/02\/Studie-10-Kilo-in-10-Wochen-Teilnehmer-gesucht-1200x180-1.jpg\" alt=\"HC Online Seminar\" width=\"1200\" height=\"180\" \/><\/a><\/p>\n<p>Verpflichtungen zur Entfernung oder Sperrung der Nutzung von Informationen nach den allgemeinen Gesetzen bleiben hiervon unber\u00fchrt. Eine diesbez\u00fcgliche Haftung ist jedoch erst ab dem Zeitpunkt der Kenntnis einer konkreten Rechtsverletzung m\u00f6glich. Bei Bekanntwerden von entsprechenden Rechtsverletzungen werden wir diese Inhalte umgehend entfernen.<\/p>\n<p><a href=\"https:\/\/schlank24.net\/holgers-rezeptewelt-rezepte-zum-abnehmen-und-schlemmen\/\" target=\"_blank\" rel=\"noopener noreferrer\"><img loading=\"lazy\" decoding=\"async\" class=\"alignnone size-full wp-image-2558\" src=\"https:\/\/schlank24.net\/wp-content\/uploads\/2022\/02\/Rezepte-zum-Abnehmen-und-Schlemmen-1200x180-1.jpg\" alt=\"HC Online Seminar\" width=\"1200\" height=\"180\" \/><\/a><\/p>\n<h2>Haftung f\u00fcr Links<\/h2>\n<p>Unser Angebot enth\u00e4lt Links zu externen Webseiten Dritter, auf deren Inhalte wir keinen Einfluss haben. Deshalb k\u00f6nnen wir f\u00fcr diese fremden Inhalte auch keine Gew\u00e4hr \u00fcbernehmen. F\u00fcr die Inhalte der verlinkten Seiten ist stets der jeweilige Anbieter oder Betreiber der Seiten verantwortlich. Die verlinkten Seiten wurden zum Zeitpunkt der Verlinkung auf m\u00f6gliche Rechtsverst\u00f6\u00dfe \u00fcberpr\u00fcft. Rechtswidrige Inhalte waren zum Zeitpunkt der Verlinkung nicht erkennbar.<\/p>\n<p>Eine permanente inhaltliche Kontrolle der verlinkten Seiten ist jedoch ohne konkrete Anhaltspunkte einer Rechtsverletzung nicht zumutbar. Bei Bekanntwerden von Rechtsverletzungen werden wir derartige Links umgehend entfernen.<\/p>\n<p><a href=\"https:\/\/natur-praxis.net\/\" target=\"_blank\" rel=\"noopener noreferrer\"><img loading=\"lazy\" decoding=\"async\" class=\"alignnone size-full wp-image-2558\" src=\"https:\/\/natur-praxis.net\/wp-content\/uploads\/2022\/02\/Gesundheit-staerken-durch-die-Kraft-der-Natur-1200x180-1.jpg\" alt=\"HC Online Seminar\" width=\"1200\" height=\"180\" \/><\/a><\/p>\n<h2>Urheberrecht<\/h2>\n<p>Die durch die Seitenbetreiber erstellten Inhalte und Werke auf diesen Seiten unterliegen dem deutschen Urheberrecht. Die Vervielf\u00e4ltigung, Bearbeitung, Verbreitung und jede Art der Verwertung au\u00dferhalb der Grenzen des Urheberrechtes bed\u00fcrfen der schriftlichen Zustimmung des jeweiligen Autors bzw. Erstellers. Downloads und Kopien dieser Seite sind nur f\u00fcr den privaten, nicht kommerziellen Gebrauch gestattet.<\/p>\n<p><a href=\"https:\/\/team.holgerkorsten.com\/\" target=\"_blank\" rel=\"noopener noreferrer\"><img loading=\"lazy\" decoding=\"async\" class=\"alignnone size-full wp-image-2559\" src=\"https:\/\/holgerkorsten.com\/wp-content\/uploads\/2020\/07\/passives-Einkommen-1200x180-1.jpg\" alt=\"Passives Einkommen lebenslang\" width=\"1200\" height=\"180\" \/><\/a><\/p>\n<p>Soweit die Inhalte auf dieser Seite nicht vom Betreiber erstellt wurden, werden die Urheberrechte Dritter beachtet. Insbesondere werden Inhalte Dritter als solche gekennzeichnet. Sollten Sie trotzdem auf eine Urheberrechtsverletzung aufmerksam werden, bitten wir um einen entsprechenden Hinweis. Bei Bekanntwerden von Rechtsverletzungen werden wir derartige Inhalte umgehend entfernen.<\/p>\n<p><a href=\"https:\/\/abnehmen24.org\/einfach-gesund-und-dauerhaft-abnehmen-ohne-hunger-und-ohne-jojo-effekt\/\" target=\"_blank\" rel=\"noopener noreferrer\"><img loading=\"lazy\" decoding=\"async\" class=\"alignnone size-full wp-image-2558\" src=\"https:\/\/holgerkorsten.com\/wp-content\/uploads\/2020\/07\/HC-Online-Seminar-1200x180-1.jpg\" alt=\"HC Online Seminar\" width=\"1200\" height=\"180\" \/><\/a><\/p>\n<p>Dieser Disclaimer wurde mit dem eRecht24 Premium Generator erstellt und ist ein Service von <a href=\"https:\/\/seohamburg.eu\/\" target=\"_blank\" rel=\"noopener noreferrer\">SEO Hamburg<\/a>, der <a href=\"https:\/\/seoagentur.eu\" target=\"_blank\" rel=\"noopener noreferrer\">SEO Agentur Hamburg<\/a> an der Alster.<\/p>\n","protected":false},"excerpt":{"rendered":"<p>Haftung f\u00fcr Inhalte Zu unserem Ergebnis- und Einkommens-Haftungsausschluss gelangen Sie hier. Als Diensteanbieter sind wir, SEO Agentur Online Marketing Webdesign Holger Korsten,\u00a0 gem\u00e4\u00df \u00a7 7 Abs.1 TMG f\u00fcr eigene Inhalte auf diesen Seiten nach den allgemeinen Gesetzen verantwortlich. Nach \u00a7\u00a7 8 bis 10 TMG sind wir als Diensteanbieter jedoch nicht verpflichtet, \u00fcbermittelte oder gespeicherte fremde [&hellip;]<\/p>\n","protected":false},"author":1,"featured_media":1697,"parent":0,"menu_order":0,"comment_status":"closed","ping_status":"closed","template":"","meta":{"site-sidebar-layout":"default","site-content-layout":"default","ast-site-content-layout":"default","site-content-style":"default","site-sidebar-style":"default","ast-global-header-display":"","ast-banner-title-visibility":"","ast-main-header-display":"","ast-hfb-above-header-display":"","ast-hfb-below-header-display":"","ast-hfb-mobile-header-display":"","site-post-title":"","ast-breadcrumbs-content":"","ast-featured-img":"","footer-sml-layout":"","ast-disable-related-posts":"","theme-transparent-header-meta":"","adv-header-id-meta":"","stick-header-meta":"","header-above-stick-meta":"","header-main-stick-meta":"","header-below-stick-meta":"","astra-migrate-meta-layouts":"default","ast-page-background-enabled":"default","ast-page-background-meta":{"desktop":{"background-color":"var(--ast-global-color-4)","background-image":"","background-repeat":"repeat","background-position":"center center","background-size":"auto","background-attachment":"scroll","background-type":"","background-media":"","overlay-type":"","overlay-color":"","overlay-opacity":"","overlay-gradient":""},"tablet":{"background-color":"","background-image":"","background-repeat":"repeat","background-position":"center center","background-size":"auto","background-attachment":"scroll","background-type":"","background-media":"","overlay-type":"","overlay-color":"","overlay-opacity":"","overlay-gradient":""},"mobile":{"background-color":"","background-image":"","background-repeat":"repeat","background-position":"center center","background-size":"auto","background-attachment":"scroll","background-type":"","background-media":"","overlay-type":"","overlay-color":"","overlay-opacity":"","overlay-gradient":""}},"ast-content-background-meta":{"desktop":{"background-color":"var(--ast-global-color-5)","background-image":"","background-repeat":"repeat","background-position":"center center","background-size":"auto","background-attachment":"scroll","background-type":"","background-media":"","overlay-type":"","overlay-color":"","overlay-opacity":"","overlay-gradient":""},"tablet":{"background-color":"var(--ast-global-color-5)","background-image":"","background-repeat":"repeat","background-position":"center center","background-size":"auto","background-attachment":"scroll","background-type":"","background-media":"","overlay-type":"","overlay-color":"","overlay-opacity":"","overlay-gradient":""},"mobile":{"background-color":"var(--ast-global-color-5)","background-image":"","background-repeat":"repeat","background-position":"center center","background-size":"auto","background-attachment":"scroll","background-type":"","background-media":"","overlay-type":"","overlay-color":"","overlay-opacity":"","overlay-gradient":""}},"footnotes":""},"class_list":["post-25","page","type-page","status-publish","has-post-thumbnail","hentry"],"yoast_head":"<!-- This site is optimized with the Yoast SEO plugin v27.0 - https:\/\/yoast.com\/product\/yoast-seo-wordpress\/ -->\n<title>Disclaimer<\/title>\n<meta name=\"robots\" content=\"noindex, follow\" \/>\n<meta property=\"og:locale\" content=\"de_DE\" \/>\n<meta property=\"og:type\" content=\"article\" \/>\n<meta property=\"og:title\" content=\"Disclaimer\" \/>\n<meta property=\"og:description\" content=\"Haftung f\u00fcr Inhalte Zu unserem Ergebnis- und Einkommens-Haftungsausschluss gelangen Sie hier. Als Diensteanbieter sind wir, SEO Agentur Online Marketing Webdesign Holger Korsten,\u00a0 gem\u00e4\u00df \u00a7 7 Abs.1 TMG f\u00fcr eigene Inhalte auf diesen Seiten nach den allgemeinen Gesetzen verantwortlich. Nach \u00a7\u00a7 8 bis 10 TMG sind wir als Diensteanbieter jedoch nicht verpflichtet, \u00fcbermittelte oder gespeicherte fremde [&hellip;]\" \/>\n<meta property=\"og:url\" content=\"https:\/\/cbdoel24.eu\/shop\/disclaimer\/\" \/>\n<meta property=\"og:site_name\" content=\"CBD \u00d6l Shop\" \/>\n<meta property=\"article:modified_time\" content=\"2022-02-12T10:23:33+00:00\" \/>\n<meta name=\"twitter:card\" content=\"summary_large_image\" \/>\n<meta name=\"twitter:label1\" content=\"Gesch\u00e4tzte Lesezeit\" \/>\n\t<meta name=\"twitter:data1\" content=\"2\u00a0Minuten\" \/>\n<script type=\"application\/ld+json\" class=\"yoast-schema-graph\">{\"@context\":\"https:\/\/schema.org\",\"@graph\":[{\"@type\":\"WebPage\",\"@id\":\"https:\/\/cbdoel24.eu\/shop\/disclaimer\/\",\"url\":\"https:\/\/cbdoel24.eu\/shop\/disclaimer\/\",\"name\":\"Disclaimer\",\"isPartOf\":{\"@id\":\"https:\/\/cbdoel24.eu\/shop\/#website\"},\"primaryImageOfPage\":{\"@id\":\"https:\/\/cbdoel24.eu\/shop\/disclaimer\/#primaryimage\"},\"image\":{\"@id\":\"https:\/\/cbdoel24.eu\/shop\/disclaimer\/#primaryimage\"},\"thumbnailUrl\":\"https:\/\/cbdoel24.eu\/shop\/wp-content\/uploads\/2019\/09\/Rechnung-2019090018111-pdf.jpg\",\"datePublished\":\"2018-12-19T16:34:27+00:00\",\"dateModified\":\"2022-02-12T10:23:33+00:00\",\"breadcrumb\":{\"@id\":\"https:\/\/cbdoel24.eu\/shop\/disclaimer\/#breadcrumb\"},\"inLanguage\":\"de\",\"potentialAction\":[{\"@type\":\"ReadAction\",\"target\":[\"https:\/\/cbdoel24.eu\/shop\/disclaimer\/\"]}]},{\"@type\":\"ImageObject\",\"inLanguage\":\"de\",\"@id\":\"https:\/\/cbdoel24.eu\/shop\/disclaimer\/#primaryimage\",\"url\":\"https:\/\/cbdoel24.eu\/shop\/wp-content\/uploads\/2019\/09\/Rechnung-2019090018111-pdf.jpg\",\"contentUrl\":\"https:\/\/cbdoel24.eu\/shop\/wp-content\/uploads\/2019\/09\/Rechnung-2019090018111-pdf.jpg\"},{\"@type\":\"BreadcrumbList\",\"@id\":\"https:\/\/cbdoel24.eu\/shop\/disclaimer\/#breadcrumb\",\"itemListElement\":[{\"@type\":\"ListItem\",\"position\":1,\"name\":\"Start\",\"item\":\"https:\/\/cbdoel24.eu\/shop\/\"},{\"@type\":\"ListItem\",\"position\":2,\"name\":\"Disclaimer\"}]},{\"@type\":\"WebSite\",\"@id\":\"https:\/\/cbdoel24.eu\/shop\/#website\",\"url\":\"https:\/\/cbdoel24.eu\/shop\/\",\"name\":\"CBD \u00d6l Shop\",\"description\":\"CBD \u00d6l kaufen in unserem sicheren Online Shop mit K\u00e4uferschutz!\",\"publisher\":{\"@id\":\"https:\/\/cbdoel24.eu\/shop\/#organization\"},\"potentialAction\":[{\"@type\":\"SearchAction\",\"target\":{\"@type\":\"EntryPoint\",\"urlTemplate\":\"https:\/\/cbdoel24.eu\/shop\/?s={search_term_string}\"},\"query-input\":{\"@type\":\"PropertyValueSpecification\",\"valueRequired\":true,\"valueName\":\"search_term_string\"}}],\"inLanguage\":\"de\"},{\"@type\":\"Organization\",\"@id\":\"https:\/\/cbdoel24.eu\/shop\/#organization\",\"name\":\"CBD \u00d6l Shop\",\"url\":\"https:\/\/cbdoel24.eu\/shop\/\",\"logo\":{\"@type\":\"ImageObject\",\"inLanguage\":\"de\",\"@id\":\"https:\/\/cbdoel24.eu\/shop\/#\/schema\/logo\/image\/\",\"url\":\"https:\/\/cbdoel24.eu\/shop\/wp-content\/uploads\/2018\/12\/cbd_oel_logo_600_140.png\",\"contentUrl\":\"https:\/\/cbdoel24.eu\/shop\/wp-content\/uploads\/2018\/12\/cbd_oel_logo_600_140.png\",\"width\":600,\"height\":140,\"caption\":\"CBD \u00d6l Shop\"},\"image\":{\"@id\":\"https:\/\/cbdoel24.eu\/shop\/#\/schema\/logo\/image\/\"}}]}<\/script>\n<!-- \/ Yoast SEO plugin. -->","yoast_head_json":{"title":"Disclaimer","robots":{"index":"noindex","follow":"follow"},"og_locale":"de_DE","og_type":"article","og_title":"Disclaimer","og_description":"Haftung f\u00fcr Inhalte Zu unserem Ergebnis- und Einkommens-Haftungsausschluss gelangen Sie hier. Als Diensteanbieter sind wir, SEO Agentur Online Marketing Webdesign Holger Korsten,\u00a0 gem\u00e4\u00df \u00a7 7 Abs.1 TMG f\u00fcr eigene Inhalte auf diesen Seiten nach den allgemeinen Gesetzen verantwortlich. Nach \u00a7\u00a7 8 bis 10 TMG sind wir als Diensteanbieter jedoch nicht verpflichtet, \u00fcbermittelte oder gespeicherte fremde [&hellip;]","og_url":"https:\/\/cbdoel24.eu\/shop\/disclaimer\/","og_site_name":"CBD \u00d6l Shop","article_modified_time":"2022-02-12T10:23:33+00:00","twitter_card":"summary_large_image","twitter_misc":{"Gesch\u00e4tzte Lesezeit":"2\u00a0Minuten"},"schema":{"@context":"https:\/\/schema.org","@graph":[{"@type":"WebPage","@id":"https:\/\/cbdoel24.eu\/shop\/disclaimer\/","url":"https:\/\/cbdoel24.eu\/shop\/disclaimer\/","name":"Disclaimer","isPartOf":{"@id":"https:\/\/cbdoel24.eu\/shop\/#website"},"primaryImageOfPage":{"@id":"https:\/\/cbdoel24.eu\/shop\/disclaimer\/#primaryimage"},"image":{"@id":"https:\/\/cbdoel24.eu\/shop\/disclaimer\/#primaryimage"},"thumbnailUrl":"https:\/\/cbdoel24.eu\/shop\/wp-content\/uploads\/2019\/09\/Rechnung-2019090018111-pdf.jpg","datePublished":"2018-12-19T16:34:27+00:00","dateModified":"2022-02-12T10:23:33+00:00","breadcrumb":{"@id":"https:\/\/cbdoel24.eu\/shop\/disclaimer\/#breadcrumb"},"inLanguage":"de","potentialAction":[{"@type":"ReadAction","target":["https:\/\/cbdoel24.eu\/shop\/disclaimer\/"]}]},{"@type":"ImageObject","inLanguage":"de","@id":"https:\/\/cbdoel24.eu\/shop\/disclaimer\/#primaryimage","url":"https:\/\/cbdoel24.eu\/shop\/wp-content\/uploads\/2019\/09\/Rechnung-2019090018111-pdf.jpg","contentUrl":"https:\/\/cbdoel24.eu\/shop\/wp-content\/uploads\/2019\/09\/Rechnung-2019090018111-pdf.jpg"},{"@type":"BreadcrumbList","@id":"https:\/\/cbdoel24.eu\/shop\/disclaimer\/#breadcrumb","itemListElement":[{"@type":"ListItem","position":1,"name":"Start","item":"https:\/\/cbdoel24.eu\/shop\/"},{"@type":"ListItem","position":2,"name":"Disclaimer"}]},{"@type":"WebSite","@id":"https:\/\/cbdoel24.eu\/shop\/#website","url":"https:\/\/cbdoel24.eu\/shop\/","name":"CBD \u00d6l Shop","description":"CBD \u00d6l kaufen in unserem sicheren Online Shop mit K\u00e4uferschutz!","publisher":{"@id":"https:\/\/cbdoel24.eu\/shop\/#organization"},"potentialAction":[{"@type":"SearchAction","target":{"@type":"EntryPoint","urlTemplate":"https:\/\/cbdoel24.eu\/shop\/?s={search_term_string}"},"query-input":{"@type":"PropertyValueSpecification","valueRequired":true,"valueName":"search_term_string"}}],"inLanguage":"de"},{"@type":"Organization","@id":"https:\/\/cbdoel24.eu\/shop\/#organization","name":"CBD \u00d6l Shop","url":"https:\/\/cbdoel24.eu\/shop\/","logo":{"@type":"ImageObject","inLanguage":"de","@id":"https:\/\/cbdoel24.eu\/shop\/#\/schema\/logo\/image\/","url":"https:\/\/cbdoel24.eu\/shop\/wp-content\/uploads\/2018\/12\/cbd_oel_logo_600_140.png","contentUrl":"https:\/\/cbdoel24.eu\/shop\/wp-content\/uploads\/2018\/12\/cbd_oel_logo_600_140.png","width":600,"height":140,"caption":"CBD \u00d6l Shop"},"image":{"@id":"https:\/\/cbdoel24.eu\/shop\/#\/schema\/logo\/image\/"}}]}},"_links":{"self":[{"href":"https:\/\/cbdoel24.eu\/shop\/wp-json\/wp\/v2\/pages\/25","targetHints":{"allow":["GET"]}}],"collection":[{"href":"https:\/\/cbdoel24.eu\/shop\/wp-json\/wp\/v2\/pages"}],"about":[{"href":"https:\/\/cbdoel24.eu\/shop\/wp-json\/wp\/v2\/types\/page"}],"author":[{"embeddable":true,"href":"https:\/\/cbdoel24.eu\/shop\/wp-json\/wp\/v2\/users\/1"}],"replies":[{"embeddable":true,"href":"https:\/\/cbdoel24.eu\/shop\/wp-json\/wp\/v2\/comments?post=25"}],"version-history":[{"count":3,"href":"https:\/\/cbdoel24.eu\/shop\/wp-json\/wp\/v2\/pages\/25\/revisions"}],"predecessor-version":[{"id":3784,"href":"https:\/\/cbdoel24.eu\/shop\/wp-json\/wp\/v2\/pages\/25\/revisions\/3784"}],"wp:featuredmedia":[{"embeddable":true,"href":"https:\/\/cbdoel24.eu\/shop\/wp-json\/wp\/v2\/media\/1697"}],"wp:attachment":[{"href":"https:\/\/cbdoel24.eu\/shop\/wp-json\/wp\/v2\/media?parent=25"}],"curies":[{"name":"wp","href":"https:\/\/api.w.org\/{rel}","templated":true}]}}