{"id":1730,"date":"2019-09-19T12:56:39","date_gmt":"2019-09-19T10:56:39","guid":{"rendered":"https:\/\/cbdoel24.eu\/shop\/?page_id=1730"},"modified":"2021-08-31T20:38:39","modified_gmt":"2021-08-31T18:38:39","slug":"cbd-online-seminar","status":"publish","type":"page","link":"https:\/\/cbdoel24.eu\/shop\/cbd-online-seminar\/","title":{"rendered":"CBD Online-Seminar"},"content":{"rendered":"\r\n<p>In unserem neuen, kostenlosen <strong>CBD Online-Seminar<\/strong> erf\u00e4hrst Du alles, was Du \u00fcber<br \/>CBD unbedingt wissen solltest und wie CBD Dein Leben ver\u00e4ndern kann!<\/p>\r\n<h1>NEUES CBD Online-Seminar 2020<\/h1>\r\n<p>Dieses CBD Online-Seminar ist f\u00fcr CBD Neulinge und auch erfahrene Anwender bestens geeignet.<br \/>Erfahre alle Antworten auf Deine brennenden Fragen, z.B. u.a.:<\/p>\r\n<ul>\r\n<li>Was genau ist CBD?<\/li>\r\n<li>Neueste Wissenschaftliche Studien \u00fcber CBD<\/li>\r\n<li>Wobei kann CBD helfen?<\/li>\r\n<li>Warum kann CBD so unglaublich gut wirken?<\/li>\r\n<li>Wie ist die Wirkung?<\/li>\r\n<li>Worauf musst Du bei CBD unbedingt achten?<\/li>\r\n<li>Worauf kommt es bei CBD an?<\/li>\r\n<li>Welches sich die gravierenden Unterschiede der CBD Produkte?<\/li>\r\n<li>Warum sind CBD Produkte so beliebt?<\/li>\r\n<li>Was muss bei Tieren UNBEDINGT beachtet werden?<\/li>\r\n<li>Unterschied von CBD Isolat zum Vollspektrum \u00d6l<\/li>\r\n<li>Kurzum&#8230; Erfahre alles Wichtige \u00fcber CBD!<\/li>\r\n<li>und vieles mehr&#8230;<\/li>\r\n<\/ul>\r\n<h2>Melde Dich jetzt an zum CBD Online-Seminar!<\/h2>\r\n<p>Reserviere jetzt Deinen Platz im CBD Online-Seminar und erfahre alles \u00fcber CBD, Anwendung, m\u00f6gliche Wirkungen und neueste Forschungsergebnisse und warum CBD der m\u00e4chtigen Pharmaindustrie ein riesiger Dorn im Auge ist!<\/p>\r\n<p>Erfahre jetzt ALLES im CBD Online-Seminar 2020 und wieso Du jetzt noch schnell handeln solltest, ehe auch bei uns in Deutschland der Handel mit CBD-Produkten wie in \u00d6sterreich und der Schweiz bald verboten werden k\u00f6nnte&#8230;<\/p>\r\n<p>CBD kann und wird vermutlich Dein oder das Leben Deiner Tiere komplett positiv ver\u00e4ndern&#8230;<\/p>\r\n<p>Schaue Dir jetzt das vielleicht wichtigste Online-Seminar Deines Lebens an:<\/p>\r\n<center><iframe loading=\"lazy\" id=\"wbn-60465-iframe\" src=\"https:\/\/webinaris.co\/customer\/getIframe\/2590\/60465\/4511.html?mode=N\" width=\"340\" height=\"600\" frameborder=\"0\" allowfullscreen=\"allowfullscreen\"><\/iframe><br \/><br \/><\/center>\r\n<p>In unserem neuen, kostenlosen CBD Online-Seminarinar erf\u00e4hrst Du alles, was Du \u00fcber CBD unbedingt wissen solltest und wie sehr CBD Dein Leben ver\u00e4ndern kann!<\/p>\r\n<p><img loading=\"lazy\" decoding=\"async\" title=\"CBD Online-Seminar\" src=\"https:\/\/cbdoel24.eu\/shop\/wp-content\/uploads\/2020\/07\/CBD-Online-Seminar.jpg\" alt=\"CBD Online-Seminar\" width=\"970\" height=\"509\" \/><\/p>\r\n<p>Unser neues CBD Online-Seminar ist vermutlich die wichtigste Information Deines Lebens&#8230; f\u00fcr Dich und ALLE Deine Freunde und Bekannten!<\/p>\r\n<p>Erfahre jetzt, wie CBD Dein Leben ver\u00e4ndern kann!<\/p>\r\n<p><a role=\"button\" href=\"#\"> HIER KOSTENLOS ZUM CBD ONLINE-SEMINAR ANMELDEN! <\/a><\/p>\r\n<center><iframe loading=\"lazy\" id=\"wbn-60465-iframe\" src=\"https:\/\/webinaris.co\/customer\/getIframe\/2590\/60465\/4511.html?mode=N\" width=\"340\" height=\"600\" frameborder=\"0\" allowfullscreen=\"allowfullscreen\"><\/iframe><\/center><div class=\"shariff shariff-align-center shariff-widget-align-center\" style=\"display:none\" data-services=\"facebook%7Creddit%7Cpinterest\" data-url=\"https%3A%2F%2Fcbdoel24.eu%2Fshop%2Fcbd-online-seminar%2F\" data-timestamp=\"1630442319\" data-hidezero=\"1\" data-backendurl=\"https:\/\/cbdoel24.eu\/shop\/wp-json\/shariff\/v1\/share_counts?\"><ul class=\"shariff-buttons theme-grey orientation-horizontal buttonsize-medium\"><li class=\"shariff-button facebook shariff-nocustomcolor\" style=\"background-color:#4273c8\"><a href=\"https:\/\/www.facebook.com\/sharer\/sharer.php?u=https%3A%2F%2Fcbdoel24.eu%2Fshop%2Fcbd-online-seminar%2F\" title=\"Bei Facebook teilen\" aria-label=\"Bei Facebook teilen\" role=\"button\" rel=\"nofollow\" class=\"shariff-link\" style=\"; background-color:#3b5998; color:#fff\" target=\"_blank\"><span class=\"shariff-icon\" style=\"\"><svg width=\"32px\" height=\"20px\" xmlns=\"http:\/\/www.w3.org\/2000\/svg\" viewBox=\"0 0 18 32\"><path fill=\"#3b5998\" d=\"M17.1 0.2v4.7h-2.8q-1.5 0-2.1 0.6t-0.5 1.9v3.4h5.2l-0.7 5.3h-4.5v13.6h-5.5v-13.6h-4.5v-5.3h4.5v-3.9q0-3.3 1.9-5.2t5-1.8q2.6 0 4.1 0.2z\"\/><\/svg><\/span><span class=\"shariff-text\">teilen<\/span>&nbsp;<span data-service=\"facebook\" style=\"color:#3b5998\" class=\"shariff-count shariff-hidezero\"><\/span>&nbsp;<\/a><\/li><li class=\"shariff-button twitter shariff-nocustomcolor\" style=\"background-color:#595959\"><a href=\"https:\/\/twitter.com\/share?url=https%3A%2F%2Fcbdoel24.eu%2Fshop%2Fcbd-online-seminar%2F&text=CBD%20Online-Seminar\" title=\"Bei X teilen\" aria-label=\"Bei X teilen\" role=\"button\" rel=\"noopener nofollow\" class=\"shariff-link\" style=\"; background-color:#000; color:#fff\" target=\"_blank\"><span class=\"shariff-icon\" style=\"\"><svg width=\"32px\" height=\"20px\" xmlns=\"http:\/\/www.w3.org\/2000\/svg\" viewBox=\"0 0 24 24\"><path fill=\"#000\" d=\"M14.258 10.152L23.176 0h-2.113l-7.747 8.813L7.133 0H0l9.352 13.328L0 23.973h2.113l8.176-9.309 6.531 9.309h7.133zm-2.895 3.293l-.949-1.328L2.875 1.56h3.246l6.086 8.523.945 1.328 7.91 11.078h-3.246zm0 0\"\/><\/svg><\/span><span class=\"shariff-text\">teilen<\/span>&nbsp;<\/a><\/li><li class=\"shariff-button xing shariff-nocustomcolor\" style=\"background-color:#29888a\"><a href=\"https:\/\/www.xing.com\/spi\/shares\/new?url=https%3A%2F%2Fcbdoel24.eu%2Fshop%2Fcbd-online-seminar%2F\" title=\"Bei XING teilen\" aria-label=\"Bei XING teilen\" role=\"button\" rel=\"noopener nofollow\" class=\"shariff-link\" style=\"; background-color:#126567; color:#fff\" target=\"_blank\"><span class=\"shariff-icon\" style=\"\"><svg width=\"32px\" height=\"20px\" xmlns=\"http:\/\/www.w3.org\/2000\/svg\" viewBox=\"0 0 25 32\"><path fill=\"#126567\" d=\"M10.7 11.9q-0.2 0.3-4.6 8.2-0.5 0.8-1.2 0.8h-4.3q-0.4 0-0.5-0.3t0-0.6l4.5-8q0 0 0 0l-2.9-5q-0.2-0.4 0-0.7 0.2-0.3 0.5-0.3h4.3q0.7 0 1.2 0.8zM25.1 0.4q0.2 0.3 0 0.7l-9.4 16.7 6 11q0.2 0.4 0 0.6-0.2 0.3-0.6 0.3h-4.3q-0.7 0-1.2-0.8l-6-11.1q0.3-0.6 9.5-16.8 0.4-0.8 1.2-0.8h4.3q0.4 0 0.5 0.3z\"\/><\/svg><\/span><span class=\"shariff-text\">teilen<\/span>&nbsp;<\/a><\/li><li class=\"shariff-button linkedin shariff-nocustomcolor\" style=\"background-color:#1488bf\"><a href=\"https:\/\/www.linkedin.com\/sharing\/share-offsite\/?url=https%3A%2F%2Fcbdoel24.eu%2Fshop%2Fcbd-online-seminar%2F\" title=\"Bei LinkedIn teilen\" aria-label=\"Bei LinkedIn teilen\" role=\"button\" rel=\"noopener nofollow\" class=\"shariff-link\" style=\"; background-color:#0077b5; color:#fff\" target=\"_blank\"><span class=\"shariff-icon\" style=\"\"><svg width=\"32px\" height=\"20px\" xmlns=\"http:\/\/www.w3.org\/2000\/svg\" viewBox=\"0 0 27 32\"><path fill=\"#0077b5\" d=\"M6.2 11.2v17.7h-5.9v-17.7h5.9zM6.6 5.7q0 1.3-0.9 2.2t-2.4 0.9h0q-1.5 0-2.4-0.9t-0.9-2.2 0.9-2.2 2.4-0.9 2.4 0.9 0.9 2.2zM27.4 18.7v10.1h-5.9v-9.5q0-1.9-0.7-2.9t-2.3-1.1q-1.1 0-1.9 0.6t-1.2 1.5q-0.2 0.5-0.2 1.4v9.9h-5.9q0-7.1 0-11.6t0-5.3l0-0.9h5.9v2.6h0q0.4-0.6 0.7-1t1-0.9 1.6-0.8 2-0.3q3 0 4.9 2t1.9 6z\"\/><\/svg><\/span><span class=\"shariff-text\">teilen<\/span>&nbsp;<\/a><\/li><li class=\"shariff-button reddit shariff-nocustomcolor\" style=\"background-color:#ff5700\"><a href=\"https:\/\/www.reddit.com\/submit?url=https%3A%2F%2Fcbdoel24.eu%2Fshop%2Fcbd-online-seminar%2F\" title=\"Bei Reddit teilen\" aria-label=\"Bei Reddit teilen\" role=\"button\" rel=\"noopener nofollow\" class=\"shariff-link\" style=\"; background-color:#ff4500; color:#fff\" target=\"_blank\"><span class=\"shariff-icon\" style=\"\"><svg xmlns=\"http:\/\/www.w3.org\/2000\/svg\" viewBox=\"0 0 512 512\"><path fill=\"#ff4500\" d=\"M440.3 203.5c-15 0-28.2 6.2-37.9 15.9-35.7-24.7-83.8-40.6-137.1-42.3L293 52.3l88.2 19.8c0 21.6 17.6 39.2 39.2 39.2 22 0 39.7-18.1 39.7-39.7s-17.6-39.7-39.7-39.7c-15.4 0-28.7 9.3-35.3 22l-97.4-21.6c-4.9-1.3-9.7 2.2-11 7.1L246.3 177c-52.9 2.2-100.5 18.1-136.3 42.8-9.7-10.1-23.4-16.3-38.4-16.3-55.6 0-73.8 74.6-22.9 100.1-1.8 7.9-2.6 16.3-2.6 24.7 0 83.8 94.4 151.7 210.3 151.7 116.4 0 210.8-67.9 210.8-151.7 0-8.4-.9-17.2-3.1-25.1 49.9-25.6 31.5-99.7-23.8-99.7zM129.4 308.9c0-22 17.6-39.7 39.7-39.7 21.6 0 39.2 17.6 39.2 39.7 0 21.6-17.6 39.2-39.2 39.2-22 .1-39.7-17.6-39.7-39.2zm214.3 93.5c-36.4 36.4-139.1 36.4-175.5 0-4-3.5-4-9.7 0-13.7 3.5-3.5 9.7-3.5 13.2 0 27.8 28.5 120 29 149 0 3.5-3.5 9.7-3.5 13.2 0 4.1 4 4.1 10.2.1 13.7zm-.8-54.2c-21.6 0-39.2-17.6-39.2-39.2 0-22 17.6-39.7 39.2-39.7 22 0 39.7 17.6 39.7 39.7-.1 21.5-17.7 39.2-39.7 39.2z\"\/><\/svg><\/span><span class=\"shariff-text\">teilen<\/span>&nbsp;<span data-service=\"reddit\" style=\"color:#ff4500\" class=\"shariff-count shariff-hidezero\"><\/span>&nbsp;<\/a><\/li><li class=\"shariff-button pinterest shariff-nocustomcolor\" style=\"background-color:#e70f18\"><a href=\"https:\/\/www.pinterest.com\/pin\/create\/link\/?url=https%3A%2F%2Fcbdoel24.eu%2Fshop%2Fcbd-online-seminar%2F&media=https%3A%2F%2Fcbdoel24.eu%2Fshop%2Fwp-content%2Fuploads%2F2020%2F07%2FCBD-Online-Seminar.jpg&description=CBD%20Online-Seminar\" title=\"Bei Pinterest pinnen\" aria-label=\"Bei Pinterest pinnen\" role=\"button\" rel=\"noopener nofollow\" class=\"shariff-link\" style=\"; background-color:#cb2027; color:#fff\" target=\"_blank\"><span class=\"shariff-icon\" style=\"\"><svg width=\"32px\" height=\"20px\" xmlns=\"http:\/\/www.w3.org\/2000\/svg\" viewBox=\"0 0 27 32\"><path fill=\"#cb2027\" d=\"M27.4 16q0 3.7-1.8 6.9t-5 5-6.9 1.9q-2 0-3.9-0.6 1.1-1.7 1.4-2.9 0.2-0.6 1-3.8 0.4 0.7 1.3 1.2t2 0.5q2.1 0 3.8-1.2t2.7-3.4 0.9-4.8q0-2-1.1-3.8t-3.1-2.9-4.5-1.2q-1.9 0-3.5 0.5t-2.8 1.4-2 2-1.2 2.3-0.4 2.4q0 1.9 0.7 3.3t2.1 2q0.5 0.2 0.7-0.4 0-0.1 0.1-0.5t0.2-0.5q0.1-0.4-0.2-0.8-0.9-1.1-0.9-2.7 0-2.7 1.9-4.6t4.9-2q2.7 0 4.2 1.5t1.5 3.8q0 3-1.2 5.2t-3.1 2.1q-1.1 0-1.7-0.8t-0.4-1.9q0.1-0.6 0.5-1.7t0.5-1.8 0.2-1.4q0-0.9-0.5-1.5t-1.4-0.6q-1.1 0-1.9 1t-0.8 2.6q0 1.3 0.4 2.2l-1.8 7.5q-0.3 1.2-0.2 3.2-3.7-1.6-6-5t-2.3-7.6q0-3.7 1.9-6.9t5-5 6.9-1.9 6.9 1.9 5 5 1.8 6.9z\"\/><\/svg><\/span><span class=\"shariff-text\">merken<\/span>&nbsp;<span data-service=\"pinterest\" style=\"color:#cb2027\" class=\"shariff-count shariff-hidezero\"><\/span>&nbsp;<\/a><\/li><\/ul><\/div>","protected":false},"excerpt":{"rendered":"<p>In unserem neuen, kostenlosen CBD Online-Seminar erf\u00e4hrst Du alles, was Du \u00fcberCBD unbedingt wissen solltest und wie CBD Dein Leben ver\u00e4ndern kann! NEUES CBD Online-Seminar 2020 Dieses CBD Online-Seminar ist f\u00fcr CBD Neulinge und auch erfahrene Anwender bestens geeignet.Erfahre alle Antworten auf Deine brennenden Fragen, z.B. u.a.: Was genau ist CBD? Neueste Wissenschaftliche Studien \u00fcber [&hellip;]<\/p>\n","protected":false},"author":1,"featured_media":3538,"parent":0,"menu_order":0,"comment_status":"closed","ping_status":"closed","template":"","meta":{"site-sidebar-layout":"no-sidebar","site-content-layout":"page-builder","ast-site-content-layout":"default","site-content-style":"default","site-sidebar-style":"default","ast-global-header-display":"","ast-banner-title-visibility":"","ast-main-header-display":"","ast-hfb-above-header-display":"","ast-hfb-below-header-display":"","ast-hfb-mobile-header-display":"","site-post-title":"disabled","ast-breadcrumbs-content":"","ast-featured-img":"disabled","footer-sml-layout":"","ast-disable-related-posts":"","theme-transparent-header-meta":"default","adv-header-id-meta":"","stick-header-meta":"default","header-above-stick-meta":"","header-main-stick-meta":"","header-below-stick-meta":"","astra-migrate-meta-layouts":"default","ast-page-background-enabled":"default","ast-page-background-meta":{"desktop":{"background-color":"var(--ast-global-color-4)","background-image":"","background-repeat":"repeat","background-position":"center center","background-size":"auto","background-attachment":"scroll","background-type":"","background-media":"","overlay-type":"","overlay-color":"","overlay-opacity":"","overlay-gradient":""},"tablet":{"background-color":"","background-image":"","background-repeat":"repeat","background-position":"center center","background-size":"auto","background-attachment":"scroll","background-type":"","background-media":"","overlay-type":"","overlay-color":"","overlay-opacity":"","overlay-gradient":""},"mobile":{"background-color":"","background-image":"","background-repeat":"repeat","background-position":"center center","background-size":"auto","background-attachment":"scroll","background-type":"","background-media":"","overlay-type":"","overlay-color":"","overlay-opacity":"","overlay-gradient":""}},"ast-content-background-meta":{"desktop":{"background-color":"var(--ast-global-color-5)","background-image":"","background-repeat":"repeat","background-position":"center center","background-size":"auto","background-attachment":"scroll","background-type":"","background-media":"","overlay-type":"","overlay-color":"","overlay-opacity":"","overlay-gradient":""},"tablet":{"background-color":"var(--ast-global-color-5)","background-image":"","background-repeat":"repeat","background-position":"center center","background-size":"auto","background-attachment":"scroll","background-type":"","background-media":"","overlay-type":"","overlay-color":"","overlay-opacity":"","overlay-gradient":""},"mobile":{"background-color":"var(--ast-global-color-5)","background-image":"","background-repeat":"repeat","background-position":"center center","background-size":"auto","background-attachment":"scroll","background-type":"","background-media":"","overlay-type":"","overlay-color":"","overlay-opacity":"","overlay-gradient":""}},"footnotes":""},"class_list":["post-1730","page","type-page","status-publish","has-post-thumbnail","hentry"],"yoast_head":"<!-- This site is optimized with the Yoast SEO plugin v27.0 - https:\/\/yoast.com\/product\/yoast-seo-wordpress\/ -->\n<title>CBD Online-Seminar - Wie CBD Dein Leben ver\u00e4ndern kann<\/title>\n<meta name=\"description\" content=\"In unserem neuen, kostenlosen CBD Online-Seminar erf\u00e4hrst Du alles, was Du \u00fcber CBD unbedingt wissen solltest und wie CBD Dein Leben ver\u00e4ndern kann!\" \/>\n<meta name=\"robots\" content=\"index, follow, max-snippet:-1, max-image-preview:large, max-video-preview:-1\" \/>\n<link rel=\"canonical\" href=\"https:\/\/cbdoel24.eu\/shop\/cbd-online-seminar\/\" \/>\n<meta property=\"og:locale\" content=\"de_DE\" \/>\n<meta property=\"og:type\" content=\"article\" \/>\n<meta property=\"og:title\" content=\"CBD Online-Seminar - Wie CBD Dein Leben ver\u00e4ndern kann\" \/>\n<meta property=\"og:description\" content=\"In unserem neuen, kostenlosen CBD Online-Seminar erf\u00e4hrst Du alles, was Du \u00fcber CBD unbedingt wissen solltest und wie CBD Dein Leben ver\u00e4ndern kann!\" \/>\n<meta property=\"og:url\" content=\"https:\/\/cbdoel24.eu\/shop\/cbd-online-seminar\/\" \/>\n<meta property=\"og:site_name\" content=\"CBD \u00d6l Shop\" \/>\n<meta property=\"article:modified_time\" content=\"2021-08-31T18:38:39+00:00\" \/>\n<meta property=\"og:image\" content=\"https:\/\/cbdoel24.eu\/shop\/wp-content\/uploads\/2020\/07\/CBD-Online-Seminar.jpg\" \/>\n<meta name=\"twitter:card\" content=\"summary_large_image\" \/>\n<meta name=\"twitter:title\" content=\"CBD Online-Seminar - Wie CBD Dein Leben ver\u00e4ndern kann\" \/>\n<meta name=\"twitter:description\" content=\"In unserem neuen, kostenlosen CBD Online-Seminar erf\u00e4hrst Du alles, was Du \u00fcber CBD unbedingt wissen solltest und wie CBD Dein Leben ver\u00e4ndern kann!\" \/>\n<meta name=\"twitter:image\" content=\"https:\/\/cbdoel24.eu\/shop\/wp-content\/uploads\/2020\/07\/CBD-Online-Seminar.jpg\" \/>\n<meta name=\"twitter:label1\" content=\"Gesch\u00e4tzte Lesezeit\" \/>\n\t<meta name=\"twitter:data1\" content=\"1\u00a0Minute\" \/>\n<script type=\"application\/ld+json\" class=\"yoast-schema-graph\">{\"@context\":\"https:\/\/schema.org\",\"@graph\":[{\"@type\":\"WebPage\",\"@id\":\"https:\/\/cbdoel24.eu\/shop\/cbd-online-seminar\/\",\"url\":\"https:\/\/cbdoel24.eu\/shop\/cbd-online-seminar\/\",\"name\":\"CBD Online-Seminar - Wie CBD Dein Leben ver\u00e4ndern kann\",\"isPartOf\":{\"@id\":\"https:\/\/cbdoel24.eu\/shop\/#website\"},\"primaryImageOfPage\":{\"@id\":\"https:\/\/cbdoel24.eu\/shop\/cbd-online-seminar\/#primaryimage\"},\"image\":{\"@id\":\"https:\/\/cbdoel24.eu\/shop\/cbd-online-seminar\/#primaryimage\"},\"thumbnailUrl\":\"https:\/\/cbdoel24.eu\/shop\/wp-content\/uploads\/2020\/07\/CBD-Online-Seminar.jpg\",\"datePublished\":\"2019-09-19T10:56:39+00:00\",\"dateModified\":\"2021-08-31T18:38:39+00:00\",\"description\":\"In unserem neuen, kostenlosen CBD Online-Seminar erf\u00e4hrst Du alles, was Du \u00fcber CBD unbedingt wissen solltest und wie CBD Dein Leben ver\u00e4ndern kann!\",\"breadcrumb\":{\"@id\":\"https:\/\/cbdoel24.eu\/shop\/cbd-online-seminar\/#breadcrumb\"},\"inLanguage\":\"de\",\"potentialAction\":[{\"@type\":\"ReadAction\",\"target\":[\"https:\/\/cbdoel24.eu\/shop\/cbd-online-seminar\/\"]}]},{\"@type\":\"ImageObject\",\"inLanguage\":\"de\",\"@id\":\"https:\/\/cbdoel24.eu\/shop\/cbd-online-seminar\/#primaryimage\",\"url\":\"https:\/\/cbdoel24.eu\/shop\/wp-content\/uploads\/2020\/07\/CBD-Online-Seminar.jpg\",\"contentUrl\":\"https:\/\/cbdoel24.eu\/shop\/wp-content\/uploads\/2020\/07\/CBD-Online-Seminar.jpg\",\"width\":970,\"height\":509,\"caption\":\"CBD Online-Seminar\"},{\"@type\":\"BreadcrumbList\",\"@id\":\"https:\/\/cbdoel24.eu\/shop\/cbd-online-seminar\/#breadcrumb\",\"itemListElement\":[{\"@type\":\"ListItem\",\"position\":1,\"name\":\"Start\",\"item\":\"https:\/\/cbdoel24.eu\/shop\/\"},{\"@type\":\"ListItem\",\"position\":2,\"name\":\"CBD Online-Seminar\"}]},{\"@type\":\"WebSite\",\"@id\":\"https:\/\/cbdoel24.eu\/shop\/#website\",\"url\":\"https:\/\/cbdoel24.eu\/shop\/\",\"name\":\"CBD \u00d6l Shop\",\"description\":\"CBD \u00d6l kaufen in unserem sicheren Online Shop mit K\u00e4uferschutz!\",\"publisher\":{\"@id\":\"https:\/\/cbdoel24.eu\/shop\/#organization\"},\"potentialAction\":[{\"@type\":\"SearchAction\",\"target\":{\"@type\":\"EntryPoint\",\"urlTemplate\":\"https:\/\/cbdoel24.eu\/shop\/?s={search_term_string}\"},\"query-input\":{\"@type\":\"PropertyValueSpecification\",\"valueRequired\":true,\"valueName\":\"search_term_string\"}}],\"inLanguage\":\"de\"},{\"@type\":\"Organization\",\"@id\":\"https:\/\/cbdoel24.eu\/shop\/#organization\",\"name\":\"CBD \u00d6l Shop\",\"url\":\"https:\/\/cbdoel24.eu\/shop\/\",\"logo\":{\"@type\":\"ImageObject\",\"inLanguage\":\"de\",\"@id\":\"https:\/\/cbdoel24.eu\/shop\/#\/schema\/logo\/image\/\",\"url\":\"https:\/\/cbdoel24.eu\/shop\/wp-content\/uploads\/2018\/12\/cbd_oel_logo_600_140.png\",\"contentUrl\":\"https:\/\/cbdoel24.eu\/shop\/wp-content\/uploads\/2018\/12\/cbd_oel_logo_600_140.png\",\"width\":600,\"height\":140,\"caption\":\"CBD \u00d6l Shop\"},\"image\":{\"@id\":\"https:\/\/cbdoel24.eu\/shop\/#\/schema\/logo\/image\/\"}}]}<\/script>\n<!-- \/ Yoast SEO plugin. -->","yoast_head_json":{"title":"CBD Online-Seminar - Wie CBD Dein Leben ver\u00e4ndern kann","description":"In unserem neuen, kostenlosen CBD Online-Seminar erf\u00e4hrst Du alles, was Du \u00fcber CBD unbedingt wissen solltest und wie CBD Dein Leben ver\u00e4ndern kann!","robots":{"index":"index","follow":"follow","max-snippet":"max-snippet:-1","max-image-preview":"max-image-preview:large","max-video-preview":"max-video-preview:-1"},"canonical":"https:\/\/cbdoel24.eu\/shop\/cbd-online-seminar\/","og_locale":"de_DE","og_type":"article","og_title":"CBD Online-Seminar - Wie CBD Dein Leben ver\u00e4ndern kann","og_description":"In unserem neuen, kostenlosen CBD Online-Seminar erf\u00e4hrst Du alles, was Du \u00fcber CBD unbedingt wissen solltest und wie CBD Dein Leben ver\u00e4ndern kann!","og_url":"https:\/\/cbdoel24.eu\/shop\/cbd-online-seminar\/","og_site_name":"CBD \u00d6l Shop","article_modified_time":"2021-08-31T18:38:39+00:00","og_image":[{"url":"https:\/\/cbdoel24.eu\/shop\/wp-content\/uploads\/2020\/07\/CBD-Online-Seminar.jpg","type":"","width":"","height":""}],"twitter_card":"summary_large_image","twitter_title":"CBD Online-Seminar - Wie CBD Dein Leben ver\u00e4ndern kann","twitter_description":"In unserem neuen, kostenlosen CBD Online-Seminar erf\u00e4hrst Du alles, was Du \u00fcber CBD unbedingt wissen solltest und wie CBD Dein Leben ver\u00e4ndern kann!","twitter_image":"https:\/\/cbdoel24.eu\/shop\/wp-content\/uploads\/2020\/07\/CBD-Online-Seminar.jpg","twitter_misc":{"Gesch\u00e4tzte Lesezeit":"1\u00a0Minute"},"schema":{"@context":"https:\/\/schema.org","@graph":[{"@type":"WebPage","@id":"https:\/\/cbdoel24.eu\/shop\/cbd-online-seminar\/","url":"https:\/\/cbdoel24.eu\/shop\/cbd-online-seminar\/","name":"CBD Online-Seminar - Wie CBD Dein Leben ver\u00e4ndern kann","isPartOf":{"@id":"https:\/\/cbdoel24.eu\/shop\/#website"},"primaryImageOfPage":{"@id":"https:\/\/cbdoel24.eu\/shop\/cbd-online-seminar\/#primaryimage"},"image":{"@id":"https:\/\/cbdoel24.eu\/shop\/cbd-online-seminar\/#primaryimage"},"thumbnailUrl":"https:\/\/cbdoel24.eu\/shop\/wp-content\/uploads\/2020\/07\/CBD-Online-Seminar.jpg","datePublished":"2019-09-19T10:56:39+00:00","dateModified":"2021-08-31T18:38:39+00:00","description":"In unserem neuen, kostenlosen CBD Online-Seminar erf\u00e4hrst Du alles, was Du \u00fcber CBD unbedingt wissen solltest und wie CBD Dein Leben ver\u00e4ndern kann!","breadcrumb":{"@id":"https:\/\/cbdoel24.eu\/shop\/cbd-online-seminar\/#breadcrumb"},"inLanguage":"de","potentialAction":[{"@type":"ReadAction","target":["https:\/\/cbdoel24.eu\/shop\/cbd-online-seminar\/"]}]},{"@type":"ImageObject","inLanguage":"de","@id":"https:\/\/cbdoel24.eu\/shop\/cbd-online-seminar\/#primaryimage","url":"https:\/\/cbdoel24.eu\/shop\/wp-content\/uploads\/2020\/07\/CBD-Online-Seminar.jpg","contentUrl":"https:\/\/cbdoel24.eu\/shop\/wp-content\/uploads\/2020\/07\/CBD-Online-Seminar.jpg","width":970,"height":509,"caption":"CBD Online-Seminar"},{"@type":"BreadcrumbList","@id":"https:\/\/cbdoel24.eu\/shop\/cbd-online-seminar\/#breadcrumb","itemListElement":[{"@type":"ListItem","position":1,"name":"Start","item":"https:\/\/cbdoel24.eu\/shop\/"},{"@type":"ListItem","position":2,"name":"CBD Online-Seminar"}]},{"@type":"WebSite","@id":"https:\/\/cbdoel24.eu\/shop\/#website","url":"https:\/\/cbdoel24.eu\/shop\/","name":"CBD \u00d6l Shop","description":"CBD \u00d6l kaufen in unserem sicheren Online Shop mit K\u00e4uferschutz!","publisher":{"@id":"https:\/\/cbdoel24.eu\/shop\/#organization"},"potentialAction":[{"@type":"SearchAction","target":{"@type":"EntryPoint","urlTemplate":"https:\/\/cbdoel24.eu\/shop\/?s={search_term_string}"},"query-input":{"@type":"PropertyValueSpecification","valueRequired":true,"valueName":"search_term_string"}}],"inLanguage":"de"},{"@type":"Organization","@id":"https:\/\/cbdoel24.eu\/shop\/#organization","name":"CBD \u00d6l Shop","url":"https:\/\/cbdoel24.eu\/shop\/","logo":{"@type":"ImageObject","inLanguage":"de","@id":"https:\/\/cbdoel24.eu\/shop\/#\/schema\/logo\/image\/","url":"https:\/\/cbdoel24.eu\/shop\/wp-content\/uploads\/2018\/12\/cbd_oel_logo_600_140.png","contentUrl":"https:\/\/cbdoel24.eu\/shop\/wp-content\/uploads\/2018\/12\/cbd_oel_logo_600_140.png","width":600,"height":140,"caption":"CBD \u00d6l Shop"},"image":{"@id":"https:\/\/cbdoel24.eu\/shop\/#\/schema\/logo\/image\/"}}]}},"_links":{"self":[{"href":"https:\/\/cbdoel24.eu\/shop\/wp-json\/wp\/v2\/pages\/1730","targetHints":{"allow":["GET"]}}],"collection":[{"href":"https:\/\/cbdoel24.eu\/shop\/wp-json\/wp\/v2\/pages"}],"about":[{"href":"https:\/\/cbdoel24.eu\/shop\/wp-json\/wp\/v2\/types\/page"}],"author":[{"embeddable":true,"href":"https:\/\/cbdoel24.eu\/shop\/wp-json\/wp\/v2\/users\/1"}],"replies":[{"embeddable":true,"href":"https:\/\/cbdoel24.eu\/shop\/wp-json\/wp\/v2\/comments?post=1730"}],"version-history":[{"count":5,"href":"https:\/\/cbdoel24.eu\/shop\/wp-json\/wp\/v2\/pages\/1730\/revisions"}],"predecessor-version":[{"id":3756,"href":"https:\/\/cbdoel24.eu\/shop\/wp-json\/wp\/v2\/pages\/1730\/revisions\/3756"}],"wp:featuredmedia":[{"embeddable":true,"href":"https:\/\/cbdoel24.eu\/shop\/wp-json\/wp\/v2\/media\/3538"}],"wp:attachment":[{"href":"https:\/\/cbdoel24.eu\/shop\/wp-json\/wp\/v2\/media?parent=1730"}],"curies":[{"name":"wp","href":"https:\/\/api.w.org\/{rel}","templated":true}]}}