{"id":117,"date":"2018-12-21T06:37:07","date_gmt":"2018-12-21T05:37:07","guid":{"rendered":"https:\/\/cbdoel24.eu\/shop\/?page_id=117"},"modified":"2018-12-21T06:40:40","modified_gmt":"2018-12-21T05:40:40","slug":"kontakt","status":"publish","type":"page","link":"https:\/\/cbdoel24.eu\/shop\/kontakt\/","title":{"rendered":"Kontakt"},"content":{"rendered":"<p><img loading=\"lazy\" decoding=\"async\" class=\"alignnone size-full wp-image-118\" src=\"https:\/\/cbdoel24.eu\/shop\/wp-content\/uploads\/2018\/12\/kontakt.jpg\" alt=\"Kontakt\" width=\"970\" height=\"200\" srcset=\"https:\/\/cbdoel24.eu\/shop\/wp-content\/uploads\/2018\/12\/kontakt.jpg 970w, https:\/\/cbdoel24.eu\/shop\/wp-content\/uploads\/2018\/12\/kontakt-300x62.jpg 300w, https:\/\/cbdoel24.eu\/shop\/wp-content\/uploads\/2018\/12\/kontakt-768x158.jpg 768w, https:\/\/cbdoel24.eu\/shop\/wp-content\/uploads\/2018\/12\/kontakt-600x124.jpg 600w, https:\/\/cbdoel24.eu\/shop\/wp-content\/uploads\/2018\/12\/kontakt-64x13.jpg 64w\" sizes=\"auto, (max-width: 970px) 100vw, 970px\" \/><\/p>\n<h2><span style=\"font-size: 28px;\">Kontakt &amp; Hotline cbdoel24.eu<\/span><\/h2>\n<p><span style=\"font-size: 20px;\">Du hast Fragen zu einem Produkt oder zu einer Bestellung?<\/span><\/p>\n<p><span style=\"text-decoration: underline; font-size: 20px;\">So kannst du uns erreichen, wir helfen dir gern:<\/span><\/p>\n<p><span style=\"font-size: 20px;\">E-Mail: kontakt(AT)cbdoel24.com<\/span><br \/>\n<span style=\"font-size: 20px;\">Telefon: +49 (0) 4186 8958 718<\/span><br \/>\n<span style=\"font-size: 20px;\">Telefax: +49 (0) 321 2100 4865<\/span><\/p>\n<p><span style=\"font-size: 20px;\">Telefonisch sind wir werktags zwischen 9:00 und 16:00 Uhr f\u00fcr dich da!<\/span><\/p>\n","protected":false},"excerpt":{"rendered":"<p>Kontakt &amp; Hotline cbdoel24.eu Du hast Fragen zu einem Produkt oder zu einer Bestellung? So kannst du uns erreichen, wir helfen dir gern: E-Mail: kontakt(AT)cbdoel24.com Telefon: +49 (0) 4186 8958 718 Telefax: +49 (0) 321 2100 4865 Telefonisch sind wir werktags zwischen 9:00 und 16:00 Uhr f\u00fcr dich da!<\/p>\n","protected":false},"author":1,"featured_media":118,"parent":0,"menu_order":0,"comment_status":"closed","ping_status":"closed","template":"","meta":{"site-sidebar-layout":"default","site-content-layout":"","ast-site-content-layout":"default","site-content-style":"default","site-sidebar-style":"default","ast-global-header-display":"","ast-banner-title-visibility":"","ast-main-header-display":"","ast-hfb-above-header-display":"","ast-hfb-below-header-display":"","ast-hfb-mobile-header-display":"","site-post-title":"","ast-breadcrumbs-content":"","ast-featured-img":"","footer-sml-layout":"","ast-disable-related-posts":"","theme-transparent-header-meta":"","adv-header-id-meta":"","stick-header-meta":"","header-above-stick-meta":"","header-main-stick-meta":"","header-below-stick-meta":"","astra-migrate-meta-layouts":"default","ast-page-background-enabled":"default","ast-page-background-meta":{"desktop":{"background-color":"var(--ast-global-color-4)","background-image":"","background-repeat":"repeat","background-position":"center center","background-size":"auto","background-attachment":"scroll","background-type":"","background-media":"","overlay-type":"","overlay-color":"","overlay-opacity":"","overlay-gradient":""},"tablet":{"background-color":"","background-image":"","background-repeat":"repeat","background-position":"center center","background-size":"auto","background-attachment":"scroll","background-type":"","background-media":"","overlay-type":"","overlay-color":"","overlay-opacity":"","overlay-gradient":""},"mobile":{"background-color":"","background-image":"","background-repeat":"repeat","background-position":"center center","background-size":"auto","background-attachment":"scroll","background-type":"","background-media":"","overlay-type":"","overlay-color":"","overlay-opacity":"","overlay-gradient":""}},"ast-content-background-meta":{"desktop":{"background-color":"var(--ast-global-color-5)","background-image":"","background-repeat":"repeat","background-position":"center center","background-size":"auto","background-attachment":"scroll","background-type":"","background-media":"","overlay-type":"","overlay-color":"","overlay-opacity":"","overlay-gradient":""},"tablet":{"background-color":"var(--ast-global-color-5)","background-image":"","background-repeat":"repeat","background-position":"center center","background-size":"auto","background-attachment":"scroll","background-type":"","background-media":"","overlay-type":"","overlay-color":"","overlay-opacity":"","overlay-gradient":""},"mobile":{"background-color":"var(--ast-global-color-5)","background-image":"","background-repeat":"repeat","background-position":"center center","background-size":"auto","background-attachment":"scroll","background-type":"","background-media":"","overlay-type":"","overlay-color":"","overlay-opacity":"","overlay-gradient":""}},"footnotes":""},"class_list":["post-117","page","type-page","status-publish","has-post-thumbnail","hentry"],"yoast_head":"<!-- This site is optimized with the Yoast SEO plugin v27.0 - https:\/\/yoast.com\/product\/yoast-seo-wordpress\/ -->\n<title>Kontakt &amp; Hotline cbdoel24.eu<\/title>\n<meta name=\"description\" content=\"Kontakt: Bei Fragen oder Problemen helfen wir gern. Hier findest du unsere Kontaktdaten, damit wir dir schnell weiterhelfen k\u00f6nnen.\" \/>\n<meta name=\"robots\" content=\"index, follow, max-snippet:-1, max-image-preview:large, max-video-preview:-1\" \/>\n<link rel=\"canonical\" href=\"https:\/\/cbdoel24.eu\/shop\/kontakt\/\" \/>\n<meta property=\"og:locale\" content=\"de_DE\" \/>\n<meta property=\"og:type\" content=\"article\" \/>\n<meta property=\"og:title\" content=\"Kontakt &amp; Hotline cbdoel24.eu\" \/>\n<meta property=\"og:description\" content=\"Bei Fragen oder Problemen helfen wir gern. Hier findest du unsere Kontaktdaten, damit wir dir schnell weiterhelfen k\u00f6nnen.\" \/>\n<meta property=\"og:url\" content=\"https:\/\/cbdoel24.eu\/shop\/kontakt\/\" \/>\n<meta property=\"og:site_name\" content=\"CBD \u00d6l Shop\" \/>\n<meta property=\"article:modified_time\" content=\"2018-12-21T05:40:40+00:00\" \/>\n<meta property=\"og:image\" content=\"https:\/\/cbdoel24.eu\/shop\/wp-content\/uploads\/2018\/12\/kontakt.jpg\" \/>\n\t<meta property=\"og:image:width\" content=\"970\" \/>\n\t<meta property=\"og:image:height\" content=\"200\" \/>\n\t<meta property=\"og:image:type\" content=\"image\/jpeg\" \/>\n<meta name=\"twitter:card\" content=\"summary_large_image\" \/>\n<meta name=\"twitter:title\" content=\"Kontakt &amp; Hotline cbdoel24.eu\" \/>\n<meta name=\"twitter:description\" content=\"Bei Fragen oder Problemen helfen wir gern. Hier findest du unsere Kontaktdaten, damit wir dir schnell weiterhelfen k\u00f6nnen.\" \/>\n<script type=\"application\/ld+json\" class=\"yoast-schema-graph\">{\"@context\":\"https:\/\/schema.org\",\"@graph\":[{\"@type\":\"WebPage\",\"@id\":\"https:\/\/cbdoel24.eu\/shop\/kontakt\/\",\"url\":\"https:\/\/cbdoel24.eu\/shop\/kontakt\/\",\"name\":\"Kontakt & Hotline cbdoel24.eu\",\"isPartOf\":{\"@id\":\"https:\/\/cbdoel24.eu\/shop\/#website\"},\"primaryImageOfPage\":{\"@id\":\"https:\/\/cbdoel24.eu\/shop\/kontakt\/#primaryimage\"},\"image\":{\"@id\":\"https:\/\/cbdoel24.eu\/shop\/kontakt\/#primaryimage\"},\"thumbnailUrl\":\"https:\/\/cbdoel24.eu\/shop\/wp-content\/uploads\/2018\/12\/kontakt.jpg\",\"datePublished\":\"2018-12-21T05:37:07+00:00\",\"dateModified\":\"2018-12-21T05:40:40+00:00\",\"description\":\"Kontakt: Bei Fragen oder Problemen helfen wir gern. Hier findest du unsere Kontaktdaten, damit wir dir schnell weiterhelfen k\u00f6nnen.\",\"breadcrumb\":{\"@id\":\"https:\/\/cbdoel24.eu\/shop\/kontakt\/#breadcrumb\"},\"inLanguage\":\"de\",\"potentialAction\":[{\"@type\":\"ReadAction\",\"target\":[\"https:\/\/cbdoel24.eu\/shop\/kontakt\/\"]}]},{\"@type\":\"ImageObject\",\"inLanguage\":\"de\",\"@id\":\"https:\/\/cbdoel24.eu\/shop\/kontakt\/#primaryimage\",\"url\":\"https:\/\/cbdoel24.eu\/shop\/wp-content\/uploads\/2018\/12\/kontakt.jpg\",\"contentUrl\":\"https:\/\/cbdoel24.eu\/shop\/wp-content\/uploads\/2018\/12\/kontakt.jpg\",\"width\":970,\"height\":200,\"caption\":\"Kontakt\"},{\"@type\":\"BreadcrumbList\",\"@id\":\"https:\/\/cbdoel24.eu\/shop\/kontakt\/#breadcrumb\",\"itemListElement\":[{\"@type\":\"ListItem\",\"position\":1,\"name\":\"Start\",\"item\":\"https:\/\/cbdoel24.eu\/shop\/\"},{\"@type\":\"ListItem\",\"position\":2,\"name\":\"Kontakt\"}]},{\"@type\":\"WebSite\",\"@id\":\"https:\/\/cbdoel24.eu\/shop\/#website\",\"url\":\"https:\/\/cbdoel24.eu\/shop\/\",\"name\":\"CBD \u00d6l Shop\",\"description\":\"CBD \u00d6l kaufen in unserem sicheren Online Shop mit K\u00e4uferschutz!\",\"publisher\":{\"@id\":\"https:\/\/cbdoel24.eu\/shop\/#organization\"},\"potentialAction\":[{\"@type\":\"SearchAction\",\"target\":{\"@type\":\"EntryPoint\",\"urlTemplate\":\"https:\/\/cbdoel24.eu\/shop\/?s={search_term_string}\"},\"query-input\":{\"@type\":\"PropertyValueSpecification\",\"valueRequired\":true,\"valueName\":\"search_term_string\"}}],\"inLanguage\":\"de\"},{\"@type\":\"Organization\",\"@id\":\"https:\/\/cbdoel24.eu\/shop\/#organization\",\"name\":\"CBD \u00d6l Shop\",\"url\":\"https:\/\/cbdoel24.eu\/shop\/\",\"logo\":{\"@type\":\"ImageObject\",\"inLanguage\":\"de\",\"@id\":\"https:\/\/cbdoel24.eu\/shop\/#\/schema\/logo\/image\/\",\"url\":\"https:\/\/cbdoel24.eu\/shop\/wp-content\/uploads\/2018\/12\/cbd_oel_logo_600_140.png\",\"contentUrl\":\"https:\/\/cbdoel24.eu\/shop\/wp-content\/uploads\/2018\/12\/cbd_oel_logo_600_140.png\",\"width\":600,\"height\":140,\"caption\":\"CBD \u00d6l Shop\"},\"image\":{\"@id\":\"https:\/\/cbdoel24.eu\/shop\/#\/schema\/logo\/image\/\"}}]}<\/script>\n<!-- \/ Yoast SEO plugin. -->","yoast_head_json":{"title":"Kontakt & Hotline cbdoel24.eu","description":"Kontakt: Bei Fragen oder Problemen helfen wir gern. Hier findest du unsere Kontaktdaten, damit wir dir schnell weiterhelfen k\u00f6nnen.","robots":{"index":"index","follow":"follow","max-snippet":"max-snippet:-1","max-image-preview":"max-image-preview:large","max-video-preview":"max-video-preview:-1"},"canonical":"https:\/\/cbdoel24.eu\/shop\/kontakt\/","og_locale":"de_DE","og_type":"article","og_title":"Kontakt & Hotline cbdoel24.eu","og_description":"Bei Fragen oder Problemen helfen wir gern. Hier findest du unsere Kontaktdaten, damit wir dir schnell weiterhelfen k\u00f6nnen.","og_url":"https:\/\/cbdoel24.eu\/shop\/kontakt\/","og_site_name":"CBD \u00d6l Shop","article_modified_time":"2018-12-21T05:40:40+00:00","og_image":[{"width":970,"height":200,"url":"https:\/\/cbdoel24.eu\/shop\/wp-content\/uploads\/2018\/12\/kontakt.jpg","type":"image\/jpeg"}],"twitter_card":"summary_large_image","twitter_title":"Kontakt & Hotline cbdoel24.eu","twitter_description":"Bei Fragen oder Problemen helfen wir gern. Hier findest du unsere Kontaktdaten, damit wir dir schnell weiterhelfen k\u00f6nnen.","schema":{"@context":"https:\/\/schema.org","@graph":[{"@type":"WebPage","@id":"https:\/\/cbdoel24.eu\/shop\/kontakt\/","url":"https:\/\/cbdoel24.eu\/shop\/kontakt\/","name":"Kontakt & Hotline cbdoel24.eu","isPartOf":{"@id":"https:\/\/cbdoel24.eu\/shop\/#website"},"primaryImageOfPage":{"@id":"https:\/\/cbdoel24.eu\/shop\/kontakt\/#primaryimage"},"image":{"@id":"https:\/\/cbdoel24.eu\/shop\/kontakt\/#primaryimage"},"thumbnailUrl":"https:\/\/cbdoel24.eu\/shop\/wp-content\/uploads\/2018\/12\/kontakt.jpg","datePublished":"2018-12-21T05:37:07+00:00","dateModified":"2018-12-21T05:40:40+00:00","description":"Kontakt: Bei Fragen oder Problemen helfen wir gern. Hier findest du unsere Kontaktdaten, damit wir dir schnell weiterhelfen k\u00f6nnen.","breadcrumb":{"@id":"https:\/\/cbdoel24.eu\/shop\/kontakt\/#breadcrumb"},"inLanguage":"de","potentialAction":[{"@type":"ReadAction","target":["https:\/\/cbdoel24.eu\/shop\/kontakt\/"]}]},{"@type":"ImageObject","inLanguage":"de","@id":"https:\/\/cbdoel24.eu\/shop\/kontakt\/#primaryimage","url":"https:\/\/cbdoel24.eu\/shop\/wp-content\/uploads\/2018\/12\/kontakt.jpg","contentUrl":"https:\/\/cbdoel24.eu\/shop\/wp-content\/uploads\/2018\/12\/kontakt.jpg","width":970,"height":200,"caption":"Kontakt"},{"@type":"BreadcrumbList","@id":"https:\/\/cbdoel24.eu\/shop\/kontakt\/#breadcrumb","itemListElement":[{"@type":"ListItem","position":1,"name":"Start","item":"https:\/\/cbdoel24.eu\/shop\/"},{"@type":"ListItem","position":2,"name":"Kontakt"}]},{"@type":"WebSite","@id":"https:\/\/cbdoel24.eu\/shop\/#website","url":"https:\/\/cbdoel24.eu\/shop\/","name":"CBD \u00d6l Shop","description":"CBD \u00d6l kaufen in unserem sicheren Online Shop mit K\u00e4uferschutz!","publisher":{"@id":"https:\/\/cbdoel24.eu\/shop\/#organization"},"potentialAction":[{"@type":"SearchAction","target":{"@type":"EntryPoint","urlTemplate":"https:\/\/cbdoel24.eu\/shop\/?s={search_term_string}"},"query-input":{"@type":"PropertyValueSpecification","valueRequired":true,"valueName":"search_term_string"}}],"inLanguage":"de"},{"@type":"Organization","@id":"https:\/\/cbdoel24.eu\/shop\/#organization","name":"CBD \u00d6l Shop","url":"https:\/\/cbdoel24.eu\/shop\/","logo":{"@type":"ImageObject","inLanguage":"de","@id":"https:\/\/cbdoel24.eu\/shop\/#\/schema\/logo\/image\/","url":"https:\/\/cbdoel24.eu\/shop\/wp-content\/uploads\/2018\/12\/cbd_oel_logo_600_140.png","contentUrl":"https:\/\/cbdoel24.eu\/shop\/wp-content\/uploads\/2018\/12\/cbd_oel_logo_600_140.png","width":600,"height":140,"caption":"CBD \u00d6l Shop"},"image":{"@id":"https:\/\/cbdoel24.eu\/shop\/#\/schema\/logo\/image\/"}}]}},"_links":{"self":[{"href":"https:\/\/cbdoel24.eu\/shop\/wp-json\/wp\/v2\/pages\/117","targetHints":{"allow":["GET"]}}],"collection":[{"href":"https:\/\/cbdoel24.eu\/shop\/wp-json\/wp\/v2\/pages"}],"about":[{"href":"https:\/\/cbdoel24.eu\/shop\/wp-json\/wp\/v2\/types\/page"}],"author":[{"embeddable":true,"href":"https:\/\/cbdoel24.eu\/shop\/wp-json\/wp\/v2\/users\/1"}],"replies":[{"embeddable":true,"href":"https:\/\/cbdoel24.eu\/shop\/wp-json\/wp\/v2\/comments?post=117"}],"version-history":[{"count":0,"href":"https:\/\/cbdoel24.eu\/shop\/wp-json\/wp\/v2\/pages\/117\/revisions"}],"wp:featuredmedia":[{"embeddable":true,"href":"https:\/\/cbdoel24.eu\/shop\/wp-json\/wp\/v2\/media\/118"}],"wp:attachment":[{"href":"https:\/\/cbdoel24.eu\/shop\/wp-json\/wp\/v2\/media?parent=117"}],"curies":[{"name":"wp","href":"https:\/\/api.w.org\/{rel}","templated":true}]}}