{"id":10,"date":"2018-12-19T16:46:38","date_gmt":"2018-12-19T15:46:38","guid":{"rendered":"https:\/\/cbdoel24.eu\/shop\/versandarten\/"},"modified":"2021-08-31T20:28:44","modified_gmt":"2021-08-31T18:28:44","slug":"versandarten","status":"publish","type":"page","link":"https:\/\/cbdoel24.eu\/shop\/versandarten\/","title":{"rendered":"Versandarten"},"content":{"rendered":"<h2>Unsere Versandarten und Versandinformationen<\/h2>\n<p><img loading=\"lazy\" decoding=\"async\" class=\"size-full wp-image-587 alignnone\" src=\"https:\/\/cbdoel24.eu\/shop\/wp-content\/uploads\/2019\/04\/umweltschonende-Verpackung-ohne-Plastik.png\" alt=\"umweltschonende Verpackung ohne Plastik\" width=\"468\" height=\"200\" srcset=\"https:\/\/cbdoel24.eu\/shop\/wp-content\/uploads\/2019\/04\/umweltschonende-Verpackung-ohne-Plastik.png 468w, https:\/\/cbdoel24.eu\/shop\/wp-content\/uploads\/2019\/04\/umweltschonende-Verpackung-ohne-Plastik-300x128.png 300w, https:\/\/cbdoel24.eu\/shop\/wp-content\/uploads\/2019\/04\/umweltschonende-Verpackung-ohne-Plastik-64x27.png 64w\" sizes=\"auto, (max-width: 468px) 100vw, 468px\" \/><\/p>\n<p>Wir hier bei CBDOEL24 nehmen den Versand sehr ernst. Wir nutzen die neuesten Techniken und Dienstleistungen, um sicherzustellen, dass dein Paket so sicher und schnell wie m\u00f6glich bei Dir ankommt. Alle unsere Produkte werden in neutralen Paketen versendet.<\/p>\n<p><span style=\"font-family: 'arial black', sans-serif; font-size: 20px;\">In welche L\u00e4nder liefern wir?<\/span><\/p>\n<p><span style=\"text-decoration: underline;\">Wir versenden derzeit nach:<\/span><\/p>\n<ul>\n<li>Deutschland<\/li>\n<li>Belgien<\/li>\n<li>D\u00e4nemark<\/li>\n<li>Estland<\/li>\n<li>Finnland<\/li>\n<li>Frankreich<\/li>\n<li>Griechenland<\/li>\n<li>Irland<\/li>\n<li>Italien<\/li>\n<li>Malta<\/li>\n<li>Niederlande<\/li>\n<li>Polen<\/li>\n<li>Portugal<\/li>\n<li>Rum\u00e4nien<\/li>\n<li>Schweden<\/li>\n<li>Slowakei<\/li>\n<li>Slowenien<\/li>\n<li>Spanien<\/li>\n<li>Tschechien<\/li>\n<li>Vereinigtes K\u00f6nigreich<\/li>\n<li>Zypern<\/li>\n<\/ul>\n<p><span style=\"font-family: 'arial black', sans-serif;\">Ab einem Warenkorbwert von 70 Euro erfolgt der Versand in <span style=\"text-decoration: underline;\">Deutschland<\/span> kostenfrei.<\/span><\/p>\n<p>Sofern kein anderer Versender aufgef\u00fchrt ist, erfolgt der Versand i.d.R. per DHL.<\/p>\n<p>Bestellungen werden in der Regel am gleichen oder darauffolgenden Werktag nach Zahlungseingang dem Versandunternehmen \u00fcbergeben, so dass eine schnelle Zustellung unserer Artikel erfolgen sollte. Bitte beachte, dass wir keinerlei Einfluss auf den Transportweg bzw. die Dauer des Transportweges haben.<\/p>\n","protected":false},"excerpt":{"rendered":"<p>Unsere Versandarten und Versandinformationen Wir hier bei CBDOEL24 nehmen den Versand sehr ernst. Wir nutzen die neuesten Techniken und Dienstleistungen, um sicherzustellen, dass dein Paket so sicher und schnell wie m\u00f6glich bei Dir ankommt. Alle unsere Produkte werden in neutralen Paketen versendet. In welche L\u00e4nder liefern wir? Wir versenden derzeit nach: Deutschland Belgien D\u00e4nemark Estland [&hellip;]<\/p>\n","protected":false},"author":1,"featured_media":587,"parent":0,"menu_order":0,"comment_status":"closed","ping_status":"closed","template":"","meta":{"site-sidebar-layout":"right-sidebar","site-content-layout":"plain-container","ast-site-content-layout":"default","site-content-style":"default","site-sidebar-style":"default","ast-global-header-display":"","ast-banner-title-visibility":"","ast-main-header-display":"","ast-hfb-above-header-display":"","ast-hfb-below-header-display":"","ast-hfb-mobile-header-display":"","site-post-title":"disabled","ast-breadcrumbs-content":"","ast-featured-img":"disabled","footer-sml-layout":"","ast-disable-related-posts":"","theme-transparent-header-meta":"default","adv-header-id-meta":"","stick-header-meta":"default","header-above-stick-meta":"","header-main-stick-meta":"","header-below-stick-meta":"","astra-migrate-meta-layouts":"default","ast-page-background-enabled":"default","ast-page-background-meta":{"desktop":{"background-color":"var(--ast-global-color-4)","background-image":"","background-repeat":"repeat","background-position":"center center","background-size":"auto","background-attachment":"scroll","background-type":"","background-media":"","overlay-type":"","overlay-color":"","overlay-opacity":"","overlay-gradient":""},"tablet":{"background-color":"","background-image":"","background-repeat":"repeat","background-position":"center center","background-size":"auto","background-attachment":"scroll","background-type":"","background-media":"","overlay-type":"","overlay-color":"","overlay-opacity":"","overlay-gradient":""},"mobile":{"background-color":"","background-image":"","background-repeat":"repeat","background-position":"center center","background-size":"auto","background-attachment":"scroll","background-type":"","background-media":"","overlay-type":"","overlay-color":"","overlay-opacity":"","overlay-gradient":""}},"ast-content-background-meta":{"desktop":{"background-color":"var(--ast-global-color-5)","background-image":"","background-repeat":"repeat","background-position":"center center","background-size":"auto","background-attachment":"scroll","background-type":"","background-media":"","overlay-type":"","overlay-color":"","overlay-opacity":"","overlay-gradient":""},"tablet":{"background-color":"var(--ast-global-color-5)","background-image":"","background-repeat":"repeat","background-position":"center center","background-size":"auto","background-attachment":"scroll","background-type":"","background-media":"","overlay-type":"","overlay-color":"","overlay-opacity":"","overlay-gradient":""},"mobile":{"background-color":"var(--ast-global-color-5)","background-image":"","background-repeat":"repeat","background-position":"center center","background-size":"auto","background-attachment":"scroll","background-type":"","background-media":"","overlay-type":"","overlay-color":"","overlay-opacity":"","overlay-gradient":""}},"footnotes":""},"class_list":["post-10","page","type-page","status-publish","has-post-thumbnail","hentry"],"yoast_head":"<!-- This site is optimized with the Yoast SEO plugin v27.0 - https:\/\/yoast.com\/product\/yoast-seo-wordpress\/ -->\n<title>Versandarten und Versandinformationen<\/title>\n<meta name=\"description\" content=\"Hier siehst du unsere Versandarten und Versandinformationen. Wir versenden in der Regel bereits am n\u00e4chsten Werktag nach Zahlungseingang.\" \/>\n<meta name=\"robots\" content=\"index, follow, max-snippet:-1, max-image-preview:large, max-video-preview:-1\" \/>\n<link rel=\"canonical\" href=\"https:\/\/cbdoel24.eu\/shop\/versandarten\/\" \/>\n<meta property=\"og:locale\" content=\"de_DE\" \/>\n<meta property=\"og:type\" content=\"article\" \/>\n<meta property=\"og:title\" content=\"Versandarten und Versandinformationen\" \/>\n<meta property=\"og:description\" content=\"Hier siehst du unsere Versandarten und Versandinformationen. Wir versenden in der Regel bereits am n\u00e4chsten Werktag nach Zahlungseingang.\" \/>\n<meta property=\"og:url\" content=\"https:\/\/cbdoel24.eu\/shop\/versandarten\/\" \/>\n<meta property=\"og:site_name\" content=\"CBD \u00d6l Shop\" \/>\n<meta property=\"article:modified_time\" content=\"2021-08-31T18:28:44+00:00\" \/>\n<meta property=\"og:image\" content=\"https:\/\/cbdoel24.eu\/shop\/wp-content\/uploads\/2019\/04\/umweltschonende-Verpackung-ohne-Plastik.png\" \/>\n\t<meta property=\"og:image:width\" content=\"468\" \/>\n\t<meta property=\"og:image:height\" content=\"200\" \/>\n\t<meta property=\"og:image:type\" content=\"image\/png\" \/>\n<meta name=\"twitter:card\" content=\"summary_large_image\" \/>\n<meta name=\"twitter:title\" content=\"Versandarten und Versandinformationen\" \/>\n<meta name=\"twitter:description\" content=\"Hier siehst du unsere Versandarten und Versandinformationen. Wir versenden in der Regel bereits am n\u00e4chsten Werktag nach Zahlungseingang.\" \/>\n<meta name=\"twitter:label1\" content=\"Gesch\u00e4tzte Lesezeit\" \/>\n\t<meta name=\"twitter:data1\" content=\"1\u00a0Minute\" \/>\n<script type=\"application\/ld+json\" class=\"yoast-schema-graph\">{\"@context\":\"https:\/\/schema.org\",\"@graph\":[{\"@type\":\"WebPage\",\"@id\":\"https:\/\/cbdoel24.eu\/shop\/versandarten\/\",\"url\":\"https:\/\/cbdoel24.eu\/shop\/versandarten\/\",\"name\":\"Versandarten und Versandinformationen\",\"isPartOf\":{\"@id\":\"https:\/\/cbdoel24.eu\/shop\/#website\"},\"primaryImageOfPage\":{\"@id\":\"https:\/\/cbdoel24.eu\/shop\/versandarten\/#primaryimage\"},\"image\":{\"@id\":\"https:\/\/cbdoel24.eu\/shop\/versandarten\/#primaryimage\"},\"thumbnailUrl\":\"https:\/\/cbdoel24.eu\/shop\/wp-content\/uploads\/2019\/04\/umweltschonende-Verpackung-ohne-Plastik.png\",\"datePublished\":\"2018-12-19T15:46:38+00:00\",\"dateModified\":\"2021-08-31T18:28:44+00:00\",\"description\":\"Hier siehst du unsere Versandarten und Versandinformationen. Wir versenden in der Regel bereits am n\u00e4chsten Werktag nach Zahlungseingang.\",\"breadcrumb\":{\"@id\":\"https:\/\/cbdoel24.eu\/shop\/versandarten\/#breadcrumb\"},\"inLanguage\":\"de\",\"potentialAction\":[{\"@type\":\"ReadAction\",\"target\":[\"https:\/\/cbdoel24.eu\/shop\/versandarten\/\"]}]},{\"@type\":\"ImageObject\",\"inLanguage\":\"de\",\"@id\":\"https:\/\/cbdoel24.eu\/shop\/versandarten\/#primaryimage\",\"url\":\"https:\/\/cbdoel24.eu\/shop\/wp-content\/uploads\/2019\/04\/umweltschonende-Verpackung-ohne-Plastik.png\",\"contentUrl\":\"https:\/\/cbdoel24.eu\/shop\/wp-content\/uploads\/2019\/04\/umweltschonende-Verpackung-ohne-Plastik.png\",\"width\":468,\"height\":200,\"caption\":\"umweltschonende Verpackung ohne Plastik\"},{\"@type\":\"BreadcrumbList\",\"@id\":\"https:\/\/cbdoel24.eu\/shop\/versandarten\/#breadcrumb\",\"itemListElement\":[{\"@type\":\"ListItem\",\"position\":1,\"name\":\"Start\",\"item\":\"https:\/\/cbdoel24.eu\/shop\/\"},{\"@type\":\"ListItem\",\"position\":2,\"name\":\"Versandarten\"}]},{\"@type\":\"WebSite\",\"@id\":\"https:\/\/cbdoel24.eu\/shop\/#website\",\"url\":\"https:\/\/cbdoel24.eu\/shop\/\",\"name\":\"CBD \u00d6l Shop\",\"description\":\"CBD \u00d6l kaufen in unserem sicheren Online Shop mit K\u00e4uferschutz!\",\"publisher\":{\"@id\":\"https:\/\/cbdoel24.eu\/shop\/#organization\"},\"potentialAction\":[{\"@type\":\"SearchAction\",\"target\":{\"@type\":\"EntryPoint\",\"urlTemplate\":\"https:\/\/cbdoel24.eu\/shop\/?s={search_term_string}\"},\"query-input\":{\"@type\":\"PropertyValueSpecification\",\"valueRequired\":true,\"valueName\":\"search_term_string\"}}],\"inLanguage\":\"de\"},{\"@type\":\"Organization\",\"@id\":\"https:\/\/cbdoel24.eu\/shop\/#organization\",\"name\":\"CBD \u00d6l Shop\",\"url\":\"https:\/\/cbdoel24.eu\/shop\/\",\"logo\":{\"@type\":\"ImageObject\",\"inLanguage\":\"de\",\"@id\":\"https:\/\/cbdoel24.eu\/shop\/#\/schema\/logo\/image\/\",\"url\":\"https:\/\/cbdoel24.eu\/shop\/wp-content\/uploads\/2018\/12\/cbd_oel_logo_600_140.png\",\"contentUrl\":\"https:\/\/cbdoel24.eu\/shop\/wp-content\/uploads\/2018\/12\/cbd_oel_logo_600_140.png\",\"width\":600,\"height\":140,\"caption\":\"CBD \u00d6l Shop\"},\"image\":{\"@id\":\"https:\/\/cbdoel24.eu\/shop\/#\/schema\/logo\/image\/\"}}]}<\/script>\n<!-- \/ Yoast SEO plugin. -->","yoast_head_json":{"title":"Versandarten und Versandinformationen","description":"Hier siehst du unsere Versandarten und Versandinformationen. Wir versenden in der Regel bereits am n\u00e4chsten Werktag nach Zahlungseingang.","robots":{"index":"index","follow":"follow","max-snippet":"max-snippet:-1","max-image-preview":"max-image-preview:large","max-video-preview":"max-video-preview:-1"},"canonical":"https:\/\/cbdoel24.eu\/shop\/versandarten\/","og_locale":"de_DE","og_type":"article","og_title":"Versandarten und Versandinformationen","og_description":"Hier siehst du unsere Versandarten und Versandinformationen. Wir versenden in der Regel bereits am n\u00e4chsten Werktag nach Zahlungseingang.","og_url":"https:\/\/cbdoel24.eu\/shop\/versandarten\/","og_site_name":"CBD \u00d6l Shop","article_modified_time":"2021-08-31T18:28:44+00:00","og_image":[{"width":468,"height":200,"url":"https:\/\/cbdoel24.eu\/shop\/wp-content\/uploads\/2019\/04\/umweltschonende-Verpackung-ohne-Plastik.png","type":"image\/png"}],"twitter_card":"summary_large_image","twitter_title":"Versandarten und Versandinformationen","twitter_description":"Hier siehst du unsere Versandarten und Versandinformationen. Wir versenden in der Regel bereits am n\u00e4chsten Werktag nach Zahlungseingang.","twitter_misc":{"Gesch\u00e4tzte Lesezeit":"1\u00a0Minute"},"schema":{"@context":"https:\/\/schema.org","@graph":[{"@type":"WebPage","@id":"https:\/\/cbdoel24.eu\/shop\/versandarten\/","url":"https:\/\/cbdoel24.eu\/shop\/versandarten\/","name":"Versandarten und Versandinformationen","isPartOf":{"@id":"https:\/\/cbdoel24.eu\/shop\/#website"},"primaryImageOfPage":{"@id":"https:\/\/cbdoel24.eu\/shop\/versandarten\/#primaryimage"},"image":{"@id":"https:\/\/cbdoel24.eu\/shop\/versandarten\/#primaryimage"},"thumbnailUrl":"https:\/\/cbdoel24.eu\/shop\/wp-content\/uploads\/2019\/04\/umweltschonende-Verpackung-ohne-Plastik.png","datePublished":"2018-12-19T15:46:38+00:00","dateModified":"2021-08-31T18:28:44+00:00","description":"Hier siehst du unsere Versandarten und Versandinformationen. Wir versenden in der Regel bereits am n\u00e4chsten Werktag nach Zahlungseingang.","breadcrumb":{"@id":"https:\/\/cbdoel24.eu\/shop\/versandarten\/#breadcrumb"},"inLanguage":"de","potentialAction":[{"@type":"ReadAction","target":["https:\/\/cbdoel24.eu\/shop\/versandarten\/"]}]},{"@type":"ImageObject","inLanguage":"de","@id":"https:\/\/cbdoel24.eu\/shop\/versandarten\/#primaryimage","url":"https:\/\/cbdoel24.eu\/shop\/wp-content\/uploads\/2019\/04\/umweltschonende-Verpackung-ohne-Plastik.png","contentUrl":"https:\/\/cbdoel24.eu\/shop\/wp-content\/uploads\/2019\/04\/umweltschonende-Verpackung-ohne-Plastik.png","width":468,"height":200,"caption":"umweltschonende Verpackung ohne Plastik"},{"@type":"BreadcrumbList","@id":"https:\/\/cbdoel24.eu\/shop\/versandarten\/#breadcrumb","itemListElement":[{"@type":"ListItem","position":1,"name":"Start","item":"https:\/\/cbdoel24.eu\/shop\/"},{"@type":"ListItem","position":2,"name":"Versandarten"}]},{"@type":"WebSite","@id":"https:\/\/cbdoel24.eu\/shop\/#website","url":"https:\/\/cbdoel24.eu\/shop\/","name":"CBD \u00d6l Shop","description":"CBD \u00d6l kaufen in unserem sicheren Online Shop mit K\u00e4uferschutz!","publisher":{"@id":"https:\/\/cbdoel24.eu\/shop\/#organization"},"potentialAction":[{"@type":"SearchAction","target":{"@type":"EntryPoint","urlTemplate":"https:\/\/cbdoel24.eu\/shop\/?s={search_term_string}"},"query-input":{"@type":"PropertyValueSpecification","valueRequired":true,"valueName":"search_term_string"}}],"inLanguage":"de"},{"@type":"Organization","@id":"https:\/\/cbdoel24.eu\/shop\/#organization","name":"CBD \u00d6l Shop","url":"https:\/\/cbdoel24.eu\/shop\/","logo":{"@type":"ImageObject","inLanguage":"de","@id":"https:\/\/cbdoel24.eu\/shop\/#\/schema\/logo\/image\/","url":"https:\/\/cbdoel24.eu\/shop\/wp-content\/uploads\/2018\/12\/cbd_oel_logo_600_140.png","contentUrl":"https:\/\/cbdoel24.eu\/shop\/wp-content\/uploads\/2018\/12\/cbd_oel_logo_600_140.png","width":600,"height":140,"caption":"CBD \u00d6l Shop"},"image":{"@id":"https:\/\/cbdoel24.eu\/shop\/#\/schema\/logo\/image\/"}}]}},"_links":{"self":[{"href":"https:\/\/cbdoel24.eu\/shop\/wp-json\/wp\/v2\/pages\/10","targetHints":{"allow":["GET"]}}],"collection":[{"href":"https:\/\/cbdoel24.eu\/shop\/wp-json\/wp\/v2\/pages"}],"about":[{"href":"https:\/\/cbdoel24.eu\/shop\/wp-json\/wp\/v2\/types\/page"}],"author":[{"embeddable":true,"href":"https:\/\/cbdoel24.eu\/shop\/wp-json\/wp\/v2\/users\/1"}],"replies":[{"embeddable":true,"href":"https:\/\/cbdoel24.eu\/shop\/wp-json\/wp\/v2\/comments?post=10"}],"version-history":[{"count":3,"href":"https:\/\/cbdoel24.eu\/shop\/wp-json\/wp\/v2\/pages\/10\/revisions"}],"predecessor-version":[{"id":3370,"href":"https:\/\/cbdoel24.eu\/shop\/wp-json\/wp\/v2\/pages\/10\/revisions\/3370"}],"wp:featuredmedia":[{"embeddable":true,"href":"https:\/\/cbdoel24.eu\/shop\/wp-json\/wp\/v2\/media\/587"}],"wp:attachment":[{"href":"https:\/\/cbdoel24.eu\/shop\/wp-json\/wp\/v2\/media?parent=10"}],"curies":[{"name":"wp","href":"https:\/\/api.w.org\/{rel}","templated":true}]}}